{"id":23120,"date":"2026-04-16T14:51:01","date_gmt":"2026-04-16T12:51:01","guid":{"rendered":"https:\/\/www.ciudadrodrigo.es\/ayuntamiento\/?page_id=23120"},"modified":"2026-04-16T14:51:01","modified_gmt":"2026-04-16T12:51:01","slug":"oferta-de-empleo-publico-2026","status":"publish","type":"page","link":"https:\/\/www.ciudadrodrigo.es\/ayuntamiento\/oferta-de-empleo-publico-2026\/","title":{"rendered":"Oferta de Empleo P\u00fablico 2026"},"content":{"rendered":"<p>Aprobada por acuerdo de la Junta de Gobierno Local de fecha 14 de abril de 2026<br \/>\nFecha publicaci\u00f3n BOP: pendiente de publicar<br \/>\nFecha publicaci\u00f3n BOCYL: pendiente de publicar<\/p>\n<ul>\n<li><strong><u>LIBRES<\/u><\/strong><\/li>\n<\/ul>\n<p><strong>A.-<\/strong> FUNCIONARIOS DE CARRERA = <strong>CUATRO (4) PLAZAS<\/strong><\/p>\n<table width=\"534\">\n<tbody>\n<tr>\n<td width=\"180\"><strong>DENOMINACI\u00d3N<\/strong><\/td>\n<td width=\"170\">\n<p><strong>ESCALA<\/strong><\/p>\n<p><strong>Subescala<\/strong><\/td>\n<td width=\"76\"><strong>GRUPO<\/strong><\/td>\n<td width=\"109\"><strong>NUMERO DE PLAZAS<\/strong><\/td>\n<\/tr>\n<tr>\n<td width=\"180\">ADMINISTRATIVO, A.G.<\/td>\n<td width=\"170\">\n<p>ADMINISTRACION GENERAL<\/p>\n<p>ADMINISTRATIVA<\/td>\n<td width=\"76\">C1<\/td>\n<td width=\"109\">3<\/td>\n<\/tr>\n<tr>\n<td width=\"180\">AGENTE POLICIA LOCAL<\/td>\n<td width=\"170\">\n<p>ADMINISTRACION ESPECIAL<\/p>\n<p>SERVICIOS ESPECIALES<\/td>\n<td width=\"76\">C1<\/td>\n<td width=\"109\">1<\/td>\n<\/tr>\n<\/tbody>\n<\/table>\n<p><strong>\u00a0<\/strong>\u00a0\u00a0\u00a0\u00a0\u00a0\u00a0\u00a0\u00a0 <strong>B.- <\/strong>PERSONAL LABORAL = <strong>SEIS (6) PLAZAS<\/strong><\/p>\n<table width=\"529\">\n<tbody>\n<tr>\n<td width=\"255\"><strong>DENOMINACI\u00d3N<\/strong><\/td>\n<td width=\"108\">\n<p><strong>GRUPO<\/strong><\/p>\n<p><strong>(CD equivalente)<\/strong><\/td>\n<td width=\"166\"><strong>NUMERO DE PLAZAS<\/strong><\/td>\n<\/tr>\n<tr>\n<td width=\"255\">\n<p>PROFESOR DE MUSICA<\/p>\n<p>Instrumento: Piano, m\u00fasica y movimiento<\/td>\n<td width=\"108\">\n<p>&nbsp;<\/p>\n<p>II<\/p>\n<p>&nbsp;<\/td>\n<td width=\"166\">\n<p>&nbsp;<\/p>\n<p>1<\/td>\n<\/tr>\n<tr>\n<td width=\"255\">\n<p>PROFESOR DE MUSICA<\/p>\n<p>Instrumento: Clarinete<\/td>\n<td width=\"108\">\n<p>II<\/p>\n<p>&nbsp;<\/td>\n<td width=\"166\">1<\/td>\n<\/tr>\n<tr>\n<td width=\"255\">\n<p>PROFESOR DE MUSICA<\/p>\n<p>Instrumento: Violonchelo<\/td>\n<td width=\"108\">II<\/td>\n<td width=\"166\">1<\/td>\n<\/tr>\n<tr>\n<td width=\"255\">OFICIALES DE 1\u00aa\/OFICIOS VARIOS<\/td>\n<td width=\"108\">IV<\/td>\n<td width=\"166\">2<\/td>\n<\/tr>\n<tr>\n<td width=\"255\">JARDINERO<\/td>\n<td width=\"108\">IV<\/td>\n<td width=\"166\">1<\/td>\n<\/tr>\n<\/tbody>\n<\/table>\n<ul>\n<li><strong><u>Promoci\u00f3n Interna<\/u><\/strong><\/li>\n<\/ul>\n<p>FUNCIONARIO DE CARRERA = <strong>DOS (2) PLAZAS<\/strong><\/p>\n<table width=\"534\">\n<tbody>\n<tr>\n<td width=\"180\"><strong>DENOMINACI\u00d3N<\/strong><\/td>\n<td width=\"170\">\n<p><strong>ESCALA<\/strong><\/p>\n<p><strong>Subescala<\/strong><\/td>\n<td width=\"76\"><strong>GRUPO<\/strong><\/td>\n<td width=\"109\"><strong>NUMERO DE PLAZAS<\/strong><\/td>\n<\/tr>\n<tr>\n<td width=\"180\">OFICIAL POLICIA LOCAL<\/td>\n<td width=\"170\">\n<p>ADMINISTRACION ESPECIAL<\/p>\n<p>SERVICIOS ESPECIALES<\/td>\n<td width=\"76\">C1<\/td>\n<td width=\"109\">2<\/td>\n<\/tr>\n<\/tbody>\n<\/table>\n<p>PERSONAL LABORAL = <strong>UNA (1) PLAZA<\/strong><\/p>\n<table width=\"529\">\n<tbody>\n<tr>\n<td width=\"255\"><strong>DENOMINACI\u00d3N<\/strong><\/td>\n<td width=\"108\">\n<p><strong>GRUPO<\/strong><\/p>\n<p><strong>(CD equivalente)<\/strong><\/td>\n<td width=\"166\"><strong>NUMERO DE PLAZAS<\/strong><\/td>\n<\/tr>\n<tr>\n<td width=\"255\">CAPATAZ<\/td>\n<td width=\"108\">III\/IV<\/td>\n<td width=\"166\">1<\/td>\n<\/tr>\n<\/tbody>\n<\/table>\n<p><\/p>\n","protected":false},"excerpt":{"rendered":"<p>Aprobada por acuerdo de la Junta de Gobierno Local de fecha 14 de abril de 2026 Fecha publicaci\u00f3n BOP: pendiente de publicar Fecha publicaci\u00f3n BOCYL: pendiente de publicar LIBRES A.- FUNCIONARIOS DE CARRERA = CUATRO (4) PLAZAS DENOMINACI\u00d3N ESCALA Subescala GRUPO NUMERO DE PLAZAS ADMINISTRATIVO, A.G. ADMINISTRACION GENERAL ADMINISTRATIVA C1 3 AGENTE POLICIA LOCAL ADMINISTRACION [&hellip;]<\/p>\n","protected":false},"author":4,"featured_media":0,"parent":0,"menu_order":0,"comment_status":"closed","ping_status":"closed","template":"","meta":{"footnotes":""},"class_list":["post-23120","page","type-page","status-publish","hentry"],"_links":{"self":[{"href":"https:\/\/www.ciudadrodrigo.es\/ayuntamiento\/wp-json\/wp\/v2\/pages\/23120","targetHints":{"allow":["GET"]}}],"collection":[{"href":"https:\/\/www.ciudadrodrigo.es\/ayuntamiento\/wp-json\/wp\/v2\/pages"}],"about":[{"href":"https:\/\/www.ciudadrodrigo.es\/ayuntamiento\/wp-json\/wp\/v2\/types\/page"}],"author":[{"embeddable":true,"href":"https:\/\/www.ciudadrodrigo.es\/ayuntamiento\/wp-json\/wp\/v2\/users\/4"}],"replies":[{"embeddable":true,"href":"https:\/\/www.ciudadrodrigo.es\/ayuntamiento\/wp-json\/wp\/v2\/comments?post=23120"}],"version-history":[{"count":1,"href":"https:\/\/www.ciudadrodrigo.es\/ayuntamiento\/wp-json\/wp\/v2\/pages\/23120\/revisions"}],"predecessor-version":[{"id":23121,"href":"https:\/\/www.ciudadrodrigo.es\/ayuntamiento\/wp-json\/wp\/v2\/pages\/23120\/revisions\/23121"}],"wp:attachment":[{"href":"https:\/\/www.ciudadrodrigo.es\/ayuntamiento\/wp-json\/wp\/v2\/media?parent=23120"}],"curies":[{"name":"wp","href":"https:\/\/api.w.org\/{rel}","templated":true}]}}