{"id":2605,"date":"2018-05-16T09:04:51","date_gmt":"2018-05-16T09:04:51","guid":{"rendered":"http:\/\/www.ciudadrodrigo.es\/ayuntamiento\/?page_id=2605"},"modified":"2018-05-16T10:10:43","modified_gmt":"2018-05-16T10:10:43","slug":"acondicionamiento-del-terreno-margen-derecha-alameda-del-rio-cofinanciado-por-la-union-europea-feder-poctep","status":"publish","type":"page","link":"https:\/\/www.ciudadrodrigo.es\/ayuntamiento\/acondicionamiento-del-terreno-margen-derecha-alameda-del-rio-cofinanciado-por-la-union-europea-feder-poctep\/","title":{"rendered":"Acondicionamiento del Terreno. Margen Derecha Alameda del R\u00edo, cofinanciado por la Uni\u00f3n Europea (FEDER-POCTEP)"},"content":{"rendered":"<table style=\"height: 24px;\" width=\"693\">\n<tbody>\n<tr>\n<td style=\"width: 20px; text-align: left; vertical-align: middle;\"><img loading=\"lazy\" decoding=\"async\" class=\"alignleft size-full wp-image-2584\" src=\"http:\/\/www.ciudadrodrigo.es\/ayuntamiento\/wp-content\/uploads\/2018\/04\/icono-atras.png\" alt=\"icono-atras\" width=\"20\" height=\"12\" \/><\/td>\n<td style=\"text-align: left; vertical-align: middle;\">Tr\u00e1mites y Gestiones &#8211;&gt;\u00a0<a href=\"http:\/\/www.ciudadrodrigo.es\/ayuntamiento\/perfil-del-contratante\/\">Perfil del Contratante<\/a> &#8211;&gt; <a href=\"http:\/\/www.ciudadrodrigo.es\/ayuntamiento\/perfil-del-contratante-obras\/\">Obras<\/a> &#8211;&gt; <a href=\"http:\/\/www.ciudadrodrigo.es\/ayuntamiento\/obras-adjudicaciones\/\"><strong>Adjudicaciones<\/strong><\/a><\/td>\n<\/tr>\n<\/tbody>\n<\/table>\n<p>&nbsp;<\/p>\n<p><em><strong>\u00d3RGANO DE CONTRATACI\u00d3N<\/strong><\/em>: Excmo. Ayuntamiento de Ciudad Rodrigo.<br \/>\n<strong><em>PROCEDIMIENTO DE ADJUDICACI\u00d3N:<\/em><\/strong> Negociado sin publicidad.<br \/>\n<em><strong>NOTA ACLARATORIA:<\/strong><\/em> Por si la carta de invitaci\u00f3n pudiera conllevar a alguna interpretaci\u00f3n err\u00f3nea, la Direcci\u00f3n de Obra ser\u00e1 realizada por los T\u00e9cnicos Municipales, sin ning\u00fan coste para el contratista.<br \/>\n<em><strong>ADJUDICACI\u00d3N:<\/strong><\/em> Resoluci\u00f3n 144\/2015 de 17 de abril<br \/>\n<em><strong>ADJUDICATARIO:<\/strong><\/em>\u00a0 MANUEL JES\u00daS S\u00c1NCHEZ BLANCO MONTERO S.L<\/p>\n<p><span style=\"text-decoration: underline;\"><strong>DOCUMENTOS:<\/strong><\/span><\/p>\n<table style=\"height: 105px;\" width=\"780\">\n<tbody>\n<tr>\n<td style=\"width: 30px; text-align: left; vertical-align: middle;\"><img loading=\"lazy\" decoding=\"async\" class=\"alignleft size-full wp-image-2515\" src=\"http:\/\/www.ciudadrodrigo.es\/ayuntamiento\/wp-content\/uploads\/2018\/05\/iconoDescargaWord_peq.png\" alt=\"iconodescargapdf\" width=\"30\" height=\"30\" \/><\/td>\n<td>\u00a0<a href=\"http:\/\/www.ciudadrodrigo.es\/ayuntamiento\/wp-content\/uploads\/2018\/05\/Pliego-de-condiciones-administrativas.doc\" target=\"_blank\">Pliego de Condiciones Administrativas.<\/a><\/td>\n<\/tr>\n<tr>\n<td style=\"width: 30px; text-align: left; vertical-align: middle;\"><img loading=\"lazy\" decoding=\"async\" class=\"alignleft size-full wp-image-2515\" src=\"http:\/\/www.ciudadrodrigo.es\/ayuntamiento\/wp-content\/uploads\/2018\/04\/iconoDescargaPdf.png\" alt=\"iconodescargapdf\" width=\"30\" height=\"30\" \/><\/td>\n<td>\u00a0<a href=\"http:\/\/www.ciudadrodrigo.es\/ayuntamiento\/wp-content\/uploads\/2018\/05\/proyecto-de-acondicionamiento.pdf\" target=\"_blank\">Proyecto de Acondicionamiento.<\/a><\/td>\n<\/tr>\n<tr>\n<td style=\"width: 30px; text-align: left; vertical-align: middle;\"><img loading=\"lazy\" decoding=\"async\" class=\"alignleft size-full wp-image-2515\" src=\"http:\/\/www.ciudadrodrigo.es\/ayuntamiento\/wp-content\/uploads\/2018\/04\/iconoDescargaPdf.png\" alt=\"iconodescargapdf\" width=\"30\" height=\"30\" \/><\/td>\n<td>\u00a0<a href=\"http:\/\/www.ciudadrodrigo.es\/ayuntamiento\/wp-content\/uploads\/2018\/05\/anexo-de-mejoras.pdf\" target=\"_blank\">Anexo de mejoras.<\/a><\/td>\n<\/tr>\n<tr>\n<td style=\"width: 30px; text-align: left; vertical-align: middle;\"><img loading=\"lazy\" decoding=\"async\" class=\"alignleft size-full wp-image-2515\" src=\"http:\/\/www.ciudadrodrigo.es\/ayuntamiento\/wp-content\/uploads\/2018\/04\/iconoDescargaPdf.png\" alt=\"iconodescargapdf\" width=\"30\" height=\"30\" \/><\/td>\n<td>\u00a0<a href=\"http:\/\/www.ciudadrodrigo.es\/ayuntamiento\/wp-content\/uploads\/2018\/05\/OFERTAS-PRESENTADAS.pdf\" target=\"_blank\">Ofertas presentadas.<\/a><\/td>\n<\/tr>\n<tr>\n<td style=\"width: 30px; text-align: left; vertical-align: middle;\"><img loading=\"lazy\" decoding=\"async\" class=\"alignleft size-full wp-image-2515\" src=\"http:\/\/www.ciudadrodrigo.es\/ayuntamiento\/wp-content\/uploads\/2018\/04\/iconoDescargaPdf.png\" alt=\"iconodescargapdf\" width=\"30\" height=\"30\" \/><\/td>\n<td>\u00a0<a href=\"http:\/\/www.ciudadrodrigo.es\/ayuntamiento\/wp-content\/uploads\/2018\/05\/CLASIFICACION-DE-LAS-OFERTAS-POR-ORDEN-DECRECIENTE.pdf\" target=\"_blank\">Clasificaci\u00f3n de las ofertas por orden decreciente.<\/a><\/td>\n<\/tr>\n<\/tbody>\n<\/table>\n<p><span style=\"text-decoration: underline;\"><br \/>\nCONTRATACI\u00d3N<\/span><br \/>\n<strong><em>Direcci\u00f3n:<\/em><\/strong>\u00a0Plaza Mayor, 27<br \/>\n<strong><em>E-mail:<\/em><\/strong>\u00a0contratacion@aytociudadrodrigo.es<\/p>\n","protected":false},"excerpt":{"rendered":"<p>Tr\u00e1mites y Gestiones &#8211;&gt;\u00a0Perfil del Contratante &#8211;&gt; Obras &#8211;&gt; Adjudicaciones &nbsp; \u00d3RGANO DE CONTRATACI\u00d3N: Excmo. Ayuntamiento de Ciudad Rodrigo. PROCEDIMIENTO DE ADJUDICACI\u00d3N: Negociado sin publicidad. NOTA ACLARATORIA: Por si la carta de invitaci\u00f3n pudiera conllevar a alguna interpretaci\u00f3n err\u00f3nea, la Direcci\u00f3n de Obra ser\u00e1 realizada por los T\u00e9cnicos Municipales, sin ning\u00fan coste para el contratista. [&hellip;]<\/p>\n","protected":false},"author":1,"featured_media":0,"parent":0,"menu_order":0,"comment_status":"closed","ping_status":"closed","template":"","meta":{"footnotes":""},"class_list":["post-2605","page","type-page","status-publish","hentry"],"_links":{"self":[{"href":"https:\/\/www.ciudadrodrigo.es\/ayuntamiento\/wp-json\/wp\/v2\/pages\/2605","targetHints":{"allow":["GET"]}}],"collection":[{"href":"https:\/\/www.ciudadrodrigo.es\/ayuntamiento\/wp-json\/wp\/v2\/pages"}],"about":[{"href":"https:\/\/www.ciudadrodrigo.es\/ayuntamiento\/wp-json\/wp\/v2\/types\/page"}],"author":[{"embeddable":true,"href":"https:\/\/www.ciudadrodrigo.es\/ayuntamiento\/wp-json\/wp\/v2\/users\/1"}],"replies":[{"embeddable":true,"href":"https:\/\/www.ciudadrodrigo.es\/ayuntamiento\/wp-json\/wp\/v2\/comments?post=2605"}],"version-history":[{"count":14,"href":"https:\/\/www.ciudadrodrigo.es\/ayuntamiento\/wp-json\/wp\/v2\/pages\/2605\/revisions"}],"predecessor-version":[{"id":2800,"href":"https:\/\/www.ciudadrodrigo.es\/ayuntamiento\/wp-json\/wp\/v2\/pages\/2605\/revisions\/2800"}],"wp:attachment":[{"href":"https:\/\/www.ciudadrodrigo.es\/ayuntamiento\/wp-json\/wp\/v2\/media?parent=2605"}],"curies":[{"name":"wp","href":"https:\/\/api.w.org\/{rel}","templated":true}]}}