{"id":2617,"date":"2018-05-16T09:04:54","date_gmt":"2018-05-16T09:04:54","guid":{"rendered":"http:\/\/www.ciudadrodrigo.es\/ayuntamiento\/?page_id=2617"},"modified":"2018-05-16T10:10:38","modified_gmt":"2018-05-16T10:10:38","slug":"urbanizacion-calle-san-fernando-desglosado-1a-fase","status":"publish","type":"page","link":"https:\/\/www.ciudadrodrigo.es\/ayuntamiento\/urbanizacion-calle-san-fernando-desglosado-1a-fase\/","title":{"rendered":"Urbanizaci\u00f3n calle San Fern\u00e1ndo. Desglosado 1\u00aa Fase."},"content":{"rendered":"<table style=\"height: 24px;\" width=\"693\">\n<tbody>\n<tr>\n<td style=\"width: 20px; text-align: left; vertical-align: middle;\"><img loading=\"lazy\" decoding=\"async\" class=\"alignleft size-full wp-image-2584\" src=\"http:\/\/www.ciudadrodrigo.es\/ayuntamiento\/wp-content\/uploads\/2018\/04\/icono-atras.png\" alt=\"icono-atras\" width=\"20\" height=\"12\" \/><\/td>\n<td style=\"text-align: left; vertical-align: middle;\">Tr\u00e1mites y Gestiones &#8211;&gt;\u00a0<a href=\"http:\/\/www.ciudadrodrigo.es\/ayuntamiento\/perfil-del-contratante\/\">Perfil del Contratante<\/a> &#8211;&gt; <a href=\"http:\/\/www.ciudadrodrigo.es\/ayuntamiento\/perfil-del-contratante-obras\/\">Obras<\/a> &#8211;&gt; <a href=\"http:\/\/www.ciudadrodrigo.es\/ayuntamiento\/obras-adjudicaciones\/\"><strong>Adjudicaciones<\/strong><\/a><\/td>\n<\/tr>\n<\/tbody>\n<\/table>\n<p>&nbsp;<\/p>\n<p>\u00d3RGANO DE CONTRATACI\u00d3N: Excmo. Ayuntamiento de Ciudad Rodrigo.<br \/>\nPROCEDIMIENTO: Abierto, oferta econ\u00f3mica m\u00e1s ventajosa, \u00fanico criterio precio.<br \/>\n<em><strong>PUBLICACI\u00d3N BOP:<\/strong><\/em> N\u00ba 190, 2 de Octubre de 2014<br \/>\n<em><strong>PRESENTACI\u00d3N DE OFERTAS:<\/strong><\/em> Hasta el 28 de Octubre de 2014, hasta las 14:00 horas.<br \/>\n<em><strong>APERTURA SOBRE B:<\/strong><\/em> a las 13:30 horas del d\u00eda 10 de noviembre de 2014.<br \/>\n<em><strong>ADJUDICACI\u00d3N:<\/strong><\/em> Resoluci\u00f3n 528\/2014 de 16 de diciembre. CONGESA XXI S.L. (Descargar de documentos adjuntos)<br \/>\n<em><strong>FORMALIZACI\u00d3N CTO:<\/strong><\/em> 19 de diciembre de 2014. (Descargar de documentos adjuntos)<\/p>\n<p><span style=\"text-decoration: underline;\"><strong>DOCUMENTOS:<\/strong><\/span><\/p>\n<table style=\"height: 180px;\" width=\"785\">\n<tbody>\n<tr>\n<td style=\"width: 30px; text-align: left; vertical-align: middle;\"><img loading=\"lazy\" decoding=\"async\" class=\"alignleft size-full wp-image-2515\" src=\"http:\/\/www.ciudadrodrigo.es\/ayuntamiento\/wp-content\/uploads\/2018\/05\/iconoDescargaWord_peq.png\" alt=\"iconodescargapdf\" width=\"30\" height=\"30\" \/><\/td>\n<td>\u00a0<a href=\"http:\/\/www.ciudadrodrigo.es\/ayuntamiento\/wp-content\/uploads\/2018\/05\/PLIEGO-DE-CONDICIONES.doc\" target=\"_blank\">Pliego de condiciones.<\/a><\/td>\n<\/tr>\n<tr>\n<td style=\"width: 30px; text-align: left; vertical-align: middle;\"><img loading=\"lazy\" decoding=\"async\" class=\"alignleft size-full wp-image-2515\" src=\"http:\/\/www.ciudadrodrigo.es\/ayuntamiento\/wp-content\/uploads\/2018\/04\/iconoDescargaPdf.png\" alt=\"iconodescargapdf\" width=\"30\" height=\"30\" \/><\/td>\n<td>\u00a0<a href=\"http:\/\/www.ciudadrodrigo.es\/ayuntamiento\/wp-content\/uploads\/2018\/05\/Proyecto-Calle-San-Fernando-Licitacion.pdf\" target=\"_blank\">Proyecto Calle San Fernando &#8211; Licitaci\u00f3n.<\/a><\/td>\n<\/tr>\n<tr>\n<td style=\"width: 30px; text-align: left; vertical-align: middle;\"><img loading=\"lazy\" decoding=\"async\" class=\"alignleft size-full wp-image-2515\" src=\"http:\/\/www.ciudadrodrigo.es\/ayuntamiento\/wp-content\/uploads\/2018\/04\/iconoDescargaPdf.png\" alt=\"iconodescargapdf\" width=\"30\" height=\"30\" \/><\/td>\n<td>\u00a0<a href=\"http:\/\/www.ciudadrodrigo.es\/ayuntamiento\/wp-content\/uploads\/2018\/05\/ANUNCIO-LICITACION.pdf\" target=\"_blank\">Anuncio Licitaci\u00f3n.<\/a><\/td>\n<\/tr>\n<tr>\n<td style=\"width: 30px; text-align: left; vertical-align: middle;\"><img loading=\"lazy\" decoding=\"async\" class=\"alignleft size-full wp-image-2515\" src=\"http:\/\/www.ciudadrodrigo.es\/ayuntamiento\/wp-content\/uploads\/2018\/04\/iconoDescargaPdf.png\" alt=\"iconodescargapdf\" width=\"30\" height=\"30\" \/><\/td>\n<td>\u00a0<a href=\"http:\/\/www.ciudadrodrigo.es\/ayuntamiento\/wp-content\/uploads\/2018\/05\/Clasificacion-Ofertas.pdf\" target=\"_blank\">Clasificaci\u00f3n Ofertas.<\/a><\/td>\n<\/tr>\n<tr>\n<td style=\"width: 30px; text-align: left; vertical-align: middle;\"><img loading=\"lazy\" decoding=\"async\" class=\"alignleft size-full wp-image-2515\" src=\"http:\/\/www.ciudadrodrigo.es\/ayuntamiento\/wp-content\/uploads\/2018\/05\/iconoDescargaWord_peq.png\" alt=\"iconodescargapdf\" width=\"30\" height=\"30\" \/><\/td>\n<td>\u00a0<a href=\"http:\/\/www.ciudadrodrigo.es\/ayuntamiento\/wp-content\/uploads\/2018\/05\/Adjudicacion.doc\" target=\"_blank\">Adjudicaci\u00f3n.<\/a><\/td>\n<\/tr>\n<tr>\n<td style=\"width: 30px; text-align: left; vertical-align: middle;\"><img loading=\"lazy\" decoding=\"async\" class=\"alignleft size-full wp-image-2515\" src=\"http:\/\/www.ciudadrodrigo.es\/ayuntamiento\/wp-content\/uploads\/2018\/05\/iconoDescargaWord_peq.png\" alt=\"iconodescargapdf\" width=\"30\" height=\"30\" \/><\/td>\n<td>\u00a0<a href=\"http:\/\/www.ciudadrodrigo.es\/ayuntamiento\/wp-content\/uploads\/2018\/05\/Anuncio-de-Formalizacion-Contrato.doc\" target=\"_blank\">Anuncio de formalizaci\u00f3n Contrato.<\/a><\/td>\n<\/tr>\n<\/tbody>\n<\/table>\n<p><span style=\"text-decoration: underline;\">CONTRATACI\u00d3N<\/span><br \/>\n<strong><em>Direcci\u00f3n:<\/em><\/strong>\u00a0Plaza Mayor, 27<br \/>\n<strong><em>E-mail:<\/em><\/strong>\u00a0contratacion@aytociudadrodrigo.es<\/p>\n","protected":false},"excerpt":{"rendered":"<p>Tr\u00e1mites y Gestiones &#8211;&gt;\u00a0Perfil del Contratante &#8211;&gt; Obras &#8211;&gt; Adjudicaciones &nbsp; \u00d3RGANO DE CONTRATACI\u00d3N: Excmo. Ayuntamiento de Ciudad Rodrigo. PROCEDIMIENTO: Abierto, oferta econ\u00f3mica m\u00e1s ventajosa, \u00fanico criterio precio. PUBLICACI\u00d3N BOP: N\u00ba 190, 2 de Octubre de 2014 PRESENTACI\u00d3N DE OFERTAS: Hasta el 28 de Octubre de 2014, hasta las 14:00 horas. APERTURA SOBRE B: a [&hellip;]<\/p>\n","protected":false},"author":1,"featured_media":0,"parent":0,"menu_order":0,"comment_status":"closed","ping_status":"closed","template":"","meta":{"footnotes":""},"class_list":["post-2617","page","type-page","status-publish","hentry"],"_links":{"self":[{"href":"https:\/\/www.ciudadrodrigo.es\/ayuntamiento\/wp-json\/wp\/v2\/pages\/2617","targetHints":{"allow":["GET"]}}],"collection":[{"href":"https:\/\/www.ciudadrodrigo.es\/ayuntamiento\/wp-json\/wp\/v2\/pages"}],"about":[{"href":"https:\/\/www.ciudadrodrigo.es\/ayuntamiento\/wp-json\/wp\/v2\/types\/page"}],"author":[{"embeddable":true,"href":"https:\/\/www.ciudadrodrigo.es\/ayuntamiento\/wp-json\/wp\/v2\/users\/1"}],"replies":[{"embeddable":true,"href":"https:\/\/www.ciudadrodrigo.es\/ayuntamiento\/wp-json\/wp\/v2\/comments?post=2617"}],"version-history":[{"count":6,"href":"https:\/\/www.ciudadrodrigo.es\/ayuntamiento\/wp-json\/wp\/v2\/pages\/2617\/revisions"}],"predecessor-version":[{"id":2829,"href":"https:\/\/www.ciudadrodrigo.es\/ayuntamiento\/wp-json\/wp\/v2\/pages\/2617\/revisions\/2829"}],"wp:attachment":[{"href":"https:\/\/www.ciudadrodrigo.es\/ayuntamiento\/wp-json\/wp\/v2\/media?parent=2617"}],"curies":[{"name":"wp","href":"https:\/\/api.w.org\/{rel}","templated":true}]}}