{"id":2623,"date":"2018-05-16T09:04:59","date_gmt":"2018-05-16T09:04:59","guid":{"rendered":"http:\/\/www.ciudadrodrigo.es\/ayuntamiento\/?page_id=2623"},"modified":"2018-05-16T10:10:37","modified_gmt":"2018-05-16T10:10:37","slug":"ejecucion-de-nuevo-campo-de-futbol-de-hierba-artificial","status":"publish","type":"page","link":"https:\/\/www.ciudadrodrigo.es\/ayuntamiento\/ejecucion-de-nuevo-campo-de-futbol-de-hierba-artificial\/","title":{"rendered":"Ejecuci\u00f3n de nuevo campo de f\u00fatbol de hierba artificial."},"content":{"rendered":"<table style=\"height: 24px;\" width=\"693\">\n<tbody>\n<tr>\n<td style=\"width: 20px; text-align: left; vertical-align: middle;\"><img loading=\"lazy\" decoding=\"async\" class=\"alignleft size-full wp-image-2584\" src=\"http:\/\/www.ciudadrodrigo.es\/ayuntamiento\/wp-content\/uploads\/2018\/04\/icono-atras.png\" alt=\"icono-atras\" width=\"20\" height=\"12\" \/><\/td>\n<td style=\"text-align: left; vertical-align: middle;\">Tr\u00e1mites y Gestiones &#8211;&gt;\u00a0<a href=\"http:\/\/www.ciudadrodrigo.es\/ayuntamiento\/perfil-del-contratante\/\">Perfil del Contratante<\/a> &#8211;&gt; <a href=\"http:\/\/www.ciudadrodrigo.es\/ayuntamiento\/perfil-del-contratante-obras\/\">Obras<\/a> &#8211;&gt; <a href=\"http:\/\/www.ciudadrodrigo.es\/ayuntamiento\/obras-adjudicaciones\/\"><strong>Adjudicaciones<\/strong><\/a><\/td>\n<\/tr>\n<\/tbody>\n<\/table>\n<p>&nbsp;<\/p>\n<p><em><strong>\u00d3RGANO DE CONTRATACI\u00d3N:<\/strong><\/em> Excmo Ayuntamiento de Ciudad Rodrigo.<br \/>\n<em><strong>PROCEDIMIENTO:<\/strong><\/em> Abierto, oferta econ\u00f3mica m\u00e1s ventajosa, \u00fanico criterio precio.<br \/>\n<em><strong>PUBLICACI\u00d3N BOP:<\/strong><\/em> 11 de septiembre de 2014.<br \/>\n<em><strong>PLAZO DE PRESENTACI\u00d3N DE OFERTAS:<\/strong><\/em> 7 de octubre de 2014.<br \/>\n<em><strong>APERTURA SOBRE A<\/strong><\/em>: 10 de octubre de 2014.<br \/>\n<em><strong>APERTURA SOBRE B:<\/strong><\/em> 20 de octubre de 2014.<br \/>\n<em><strong>ADJUDICACI\u00d3N:<\/strong><\/em> Resoluci\u00f3n 504\/2014 de 28 de noviembre. Descargar en documentos adjuntos<br \/>\n<em><strong>FORMALIZACI\u00d3N DEL CONTRATO:<\/strong><\/em> 9 de diciembre de 2014. Descargar en documentos adjuntos.<\/p>\n<p><span style=\"text-decoration: underline;\"><strong>DOCUMENTOS:<\/strong><\/span><\/p>\n<table style=\"height: 222px;\" width=\"774\">\n<tbody>\n<tr>\n<td style=\"width: 30px; text-align: left; vertical-align: middle;\"><img loading=\"lazy\" decoding=\"async\" class=\"alignleft size-full wp-image-2515\" src=\"http:\/\/www.ciudadrodrigo.es\/ayuntamiento\/wp-content\/uploads\/2018\/04\/iconoDescargaPdf.png\" alt=\"iconodescargapdf\" width=\"30\" height=\"30\" \/><\/td>\n<td>\u00a0<a href=\"http:\/\/www.ciudadrodrigo.es\/ayuntamiento\/wp-content\/uploads\/2018\/05\/Proyecto-Campo-Cesped-Artificial.pdf\" target=\"_blank\">Proyecto Campo Cesped Artificial.<\/a><\/td>\n<\/tr>\n<tr>\n<td style=\"width: 30px; text-align: left; vertical-align: middle;\"><img loading=\"lazy\" decoding=\"async\" class=\"alignleft size-full wp-image-2515\" src=\"http:\/\/www.ciudadrodrigo.es\/ayuntamiento\/wp-content\/uploads\/2018\/05\/iconoDescargaWord_peq.png\" alt=\"iconodescargapdf\" width=\"30\" height=\"30\" \/><\/td>\n<td>\u00a0<a href=\"http:\/\/www.ciudadrodrigo.es\/ayuntamiento\/wp-content\/uploads\/2018\/05\/Pliego-de-condiciones-administrativas-1.doc\" target=\"_blank\">PLIEGO DE CONDICIONES ADMINISTRATIVA.<\/a><\/td>\n<\/tr>\n<tr>\n<td style=\"width: 30px; text-align: left; vertical-align: middle;\"><img loading=\"lazy\" decoding=\"async\" class=\"alignleft size-full wp-image-2515\" src=\"http:\/\/www.ciudadrodrigo.es\/ayuntamiento\/wp-content\/uploads\/2018\/05\/iconoDescargaWord_peq.png\" alt=\"iconodescargapdf\" width=\"30\" height=\"30\" \/><\/td>\n<td>\u00a0<a href=\"http:\/\/www.ciudadrodrigo.es\/ayuntamiento\/wp-content\/uploads\/2018\/05\/Ofertas-Recibidas.doc\" target=\"_blank\">OFERTAS RECIBIDAS.<\/a><\/td>\n<\/tr>\n<tr>\n<td style=\"width: 30px; text-align: left; vertical-align: middle;\"><img loading=\"lazy\" decoding=\"async\" class=\"alignleft size-full wp-image-2515\" src=\"http:\/\/www.ciudadrodrigo.es\/ayuntamiento\/wp-content\/uploads\/2018\/04\/iconoDescargaPdf.png\" alt=\"iconodescargapdf\" width=\"30\" height=\"30\" \/><\/td>\n<td>\u00a0<a href=\"http:\/\/www.ciudadrodrigo.es\/ayuntamiento\/wp-content\/uploads\/2018\/05\/CLASIFICACION-OFERTAS-1.pdf\" target=\"_blank\">CLASIFICACI\u00d3N OFERTAS.<\/a><\/td>\n<\/tr>\n<tr>\n<td style=\"width: 30px; text-align: left; vertical-align: middle;\"><img loading=\"lazy\" decoding=\"async\" class=\"alignleft size-full wp-image-2515\" src=\"http:\/\/www.ciudadrodrigo.es\/ayuntamiento\/wp-content\/uploads\/2018\/04\/iconoDescargaPdf.png\" alt=\"iconodescargapdf\" width=\"30\" height=\"30\" \/><\/td>\n<td>\u00a0<a href=\"http:\/\/www.ciudadrodrigo.es\/ayuntamiento\/wp-content\/uploads\/2018\/05\/CLASIFICACION-OFERTAS-2.pdf\" target=\"_blank\">CLASIFICACI\u00d3N OFERTAS 2.<\/a><\/td>\n<\/tr>\n<tr>\n<td style=\"width: 30px; text-align: left; vertical-align: middle;\"><img loading=\"lazy\" decoding=\"async\" class=\"alignleft size-full wp-image-2515\" src=\"http:\/\/www.ciudadrodrigo.es\/ayuntamiento\/wp-content\/uploads\/2018\/05\/iconoDescargaWord_peq.png\" alt=\"iconodescargapdf\" width=\"30\" height=\"30\" \/><\/td>\n<td>\u00a0<a href=\"http:\/\/www.ciudadrodrigo.es\/ayuntamiento\/wp-content\/uploads\/2018\/05\/Adjudicacion-1.doc\" target=\"_blank\">ADJUDICACI\u00d3N.<\/a><\/td>\n<\/tr>\n<tr>\n<td style=\"width: 30px; text-align: left; vertical-align: middle;\"><img loading=\"lazy\" decoding=\"async\" class=\"alignleft size-full wp-image-2515\" src=\"http:\/\/www.ciudadrodrigo.es\/ayuntamiento\/wp-content\/uploads\/2018\/05\/iconoDescargaWord_peq.png\" alt=\"iconodescargapdf\" width=\"30\" height=\"30\" \/><\/td>\n<td>\u00a0<a href=\"http:\/\/www.ciudadrodrigo.es\/ayuntamiento\/wp-content\/uploads\/2018\/05\/ANUNCIO-de-FORMALIZACION-Contrato-1.doc\" target=\"_blank\">ANUNCIO DE FORMALIZACI\u00d3N CONTRATO.<\/a><\/td>\n<\/tr>\n<\/tbody>\n<\/table>\n<p><span style=\"text-decoration: underline;\">CONTRATACI\u00d3N<\/span><br \/>\n<strong><em>Direcci\u00f3n:<\/em><\/strong>\u00a0Plaza Mayor, 27<br \/>\n<strong><em>E-mail:<\/em><\/strong>\u00a0contratacion@aytociudadrodrigo.es<\/p>\n","protected":false},"excerpt":{"rendered":"<p>Tr\u00e1mites y Gestiones &#8211;&gt;\u00a0Perfil del Contratante &#8211;&gt; Obras &#8211;&gt; Adjudicaciones &nbsp; \u00d3RGANO DE CONTRATACI\u00d3N: Excmo Ayuntamiento de Ciudad Rodrigo. PROCEDIMIENTO: Abierto, oferta econ\u00f3mica m\u00e1s ventajosa, \u00fanico criterio precio. PUBLICACI\u00d3N BOP: 11 de septiembre de 2014. PLAZO DE PRESENTACI\u00d3N DE OFERTAS: 7 de octubre de 2014. APERTURA SOBRE A: 10 de octubre de 2014. APERTURA SOBRE [&hellip;]<\/p>\n","protected":false},"author":1,"featured_media":0,"parent":0,"menu_order":0,"comment_status":"closed","ping_status":"closed","template":"","meta":{"footnotes":""},"class_list":["post-2623","page","type-page","status-publish","hentry"],"_links":{"self":[{"href":"https:\/\/www.ciudadrodrigo.es\/ayuntamiento\/wp-json\/wp\/v2\/pages\/2623","targetHints":{"allow":["GET"]}}],"collection":[{"href":"https:\/\/www.ciudadrodrigo.es\/ayuntamiento\/wp-json\/wp\/v2\/pages"}],"about":[{"href":"https:\/\/www.ciudadrodrigo.es\/ayuntamiento\/wp-json\/wp\/v2\/types\/page"}],"author":[{"embeddable":true,"href":"https:\/\/www.ciudadrodrigo.es\/ayuntamiento\/wp-json\/wp\/v2\/users\/1"}],"replies":[{"embeddable":true,"href":"https:\/\/www.ciudadrodrigo.es\/ayuntamiento\/wp-json\/wp\/v2\/comments?post=2623"}],"version-history":[{"count":4,"href":"https:\/\/www.ciudadrodrigo.es\/ayuntamiento\/wp-json\/wp\/v2\/pages\/2623\/revisions"}],"predecessor-version":[{"id":2828,"href":"https:\/\/www.ciudadrodrigo.es\/ayuntamiento\/wp-json\/wp\/v2\/pages\/2623\/revisions\/2828"}],"wp:attachment":[{"href":"https:\/\/www.ciudadrodrigo.es\/ayuntamiento\/wp-json\/wp\/v2\/media?parent=2623"}],"curies":[{"name":"wp","href":"https:\/\/api.w.org\/{rel}","templated":true}]}}