{"id":2769,"date":"2018-05-16T09:05:32","date_gmt":"2018-05-16T09:05:32","guid":{"rendered":"http:\/\/www.ciudadrodrigo.es\/ayuntamiento\/?page_id=2769"},"modified":"2018-05-16T10:09:53","modified_gmt":"2018-05-16T10:09:53","slug":"construccion-del-colector-general-de-la-zona-este","status":"publish","type":"page","link":"https:\/\/www.ciudadrodrigo.es\/ayuntamiento\/construccion-del-colector-general-de-la-zona-este\/","title":{"rendered":"Construcci\u00f3n del colector general de la Zona Este"},"content":{"rendered":"<table style=\"height: 24px;\" width=\"693\">\n<tbody>\n<tr>\n<td style=\"width: 20px; text-align: left; vertical-align: middle;\"><img loading=\"lazy\" decoding=\"async\" class=\"alignleft size-full wp-image-2584\" src=\"http:\/\/www.ciudadrodrigo.es\/ayuntamiento\/wp-content\/uploads\/2018\/04\/icono-atras.png\" alt=\"icono-atras\" width=\"20\" height=\"12\" \/><\/td>\n<td style=\"text-align: left; vertical-align: middle;\">Tr\u00e1mites y Gestiones &#8211;&gt;\u00a0<a href=\"http:\/\/www.ciudadrodrigo.es\/ayuntamiento\/perfil-del-contratante\/\">Perfil del Contratante<\/a> &#8211;&gt; <a href=\"http:\/\/www.ciudadrodrigo.es\/ayuntamiento\/perfil-del-contratante-obras\/\">Obras<\/a> &#8211;&gt; <a href=\"http:\/\/www.ciudadrodrigo.es\/ayuntamiento\/obras-adjudicaciones\/\"><strong>Adjudicaciones<\/strong><\/a><\/td>\n<\/tr>\n<\/tbody>\n<\/table>\n<p>&nbsp;<\/p>\n<p>Estado de la adjudicaci\u00f3n:\u00a0<strong>Adjudicaci\u00f3n definitiva<\/strong><\/p>\n<p><em><strong>\u00d3RGANO DE CONTRATACI\u00d3N:<\/strong><\/em>\u00a0Excmo Ayuntamiento de Ciudad Rodrigo.<br \/>\n<em><strong>PROCEDIMIENTO:<\/strong><\/em> Urgente.<br \/>\n<em><strong>VALOR TOTAL:<\/strong><\/em> 749.700,00 \u20ac m\u00e1s 119.952,00 \u20ac de IVA.<\/p>\n<p><em><strong>ADJUDICACI\u00d3N PROVISIONAL<\/strong><\/em><br \/>\n<em><strong>FECHA DE ADJUDICACI\u00d3N:<\/strong><\/em> Martes, 31 de Marzo de 2009.<br \/>\n<em><strong>ADJUDICATARIO:<\/strong><\/em>\u00a0 D. Santiago Lafuente P\u00e9rez Lucas en representaci\u00f3n de AQUALIA GESTION INTEGRAL DEL AGUA, S.A.<br \/>\n<em><strong>VALOR TOTAL:<\/strong><\/em> 869.652 \u20ac<\/p>\n<p><em><strong>ADJUDICACI\u00d3N DEFINITIVA<\/strong><\/em><br \/>\n<em><strong>FECHA DE ADJUDICACI\u00d3N:<\/strong><\/em> Jueves, 16 de Abril de 2009.<br \/>\n<em><strong>ADJUDICATARIO:<\/strong><\/em>\u00a0 D. Santiago Lafuente P\u00e9rez Lucas en representaci\u00f3n de AQUALIA GESTION INTEGRAL DEL AGUA, S.A.<br \/>\n<em><strong>VALOR TOTAL:<\/strong><\/em> 869.652 \u20ac<\/p>\n<p><em><strong>OBSERVACIONES:<\/strong><\/em><br \/>\nAprobaci\u00f3n, proyecto t\u00e9cnico e inicio de expediente de contrataci\u00f3n:\u00a0<strong>Pleno 10 de febrero de 2009.<\/strong><\/p>\n<p><strong><span style=\"text-decoration: underline;\">DOCUMENTOS<\/span>:<\/strong><\/p>\n<table style=\"height: 211px;\" width=\"883\">\n<tbody>\n<tr>\n<td style=\"width: 30px; text-align: left; vertical-align: middle;\"><img loading=\"lazy\" decoding=\"async\" class=\"alignleft size-full wp-image-2515\" src=\"http:\/\/www.ciudadrodrigo.es\/ayuntamiento\/wp-content\/uploads\/2018\/04\/iconoDescargaPdf.png\" alt=\"iconodescargapdf\" width=\"30\" height=\"30\" \/><\/td>\n<td>\u00a0<a href=\"http:\/\/www.ciudadrodrigo.es\/ayuntamiento\/wp-content\/uploads\/2018\/05\/Anuncio-de-la-licitacion-2.pdf\" target=\"_blank\">Anuncio de la licitaci\u00f3n.<\/a><\/td>\n<\/tr>\n<tr>\n<td style=\"width: 30px; text-align: left; vertical-align: middle;\"><img loading=\"lazy\" decoding=\"async\" class=\"alignleft size-full wp-image-2515\" src=\"http:\/\/www.ciudadrodrigo.es\/ayuntamiento\/wp-content\/uploads\/2018\/04\/iconoDescargaPdf.png\" alt=\"iconodescargapdf\" width=\"30\" height=\"30\" \/><\/td>\n<td>\u00a0<a href=\"http:\/\/www.ciudadrodrigo.es\/ayuntamiento\/wp-content\/uploads\/2018\/05\/Pliegos-condiciones-administrativas.pdf\" target=\"_blank\">Pliegos condiciones administrativas.<\/a><\/td>\n<\/tr>\n<tr>\n<td style=\"width: 30px; text-align: left; vertical-align: middle;\"><img loading=\"lazy\" decoding=\"async\" class=\"alignleft size-full wp-image-2515\" src=\"http:\/\/www.ciudadrodrigo.es\/ayuntamiento\/wp-content\/uploads\/2018\/04\/iconoDescargaPdf.png\" alt=\"iconodescargapdf\" width=\"30\" height=\"30\" \/><\/td>\n<td>\u00a0<a href=\"http:\/\/www.ciudadrodrigo.es\/ayuntamiento\/wp-content\/uploads\/2018\/05\/Informe-del-arquitecto-1.pdf\" target=\"_blank\">Informe del arquitecto.<\/a><\/td>\n<\/tr>\n<tr>\n<td style=\"width: 30px; text-align: left; vertical-align: middle;\"><img loading=\"lazy\" decoding=\"async\" class=\"alignleft size-full wp-image-2515\" src=\"http:\/\/www.ciudadrodrigo.es\/ayuntamiento\/wp-content\/uploads\/2018\/04\/iconoDescargaPdf.png\" alt=\"iconodescargapdf\" width=\"30\" height=\"30\" \/><\/td>\n<td>\u00a0<a href=\"http:\/\/www.ciudadrodrigo.es\/ayuntamiento\/wp-content\/uploads\/2018\/05\/Informe-de-la-propuesta-1.pdf\" target=\"_blank\">Informe de la propuesta.<\/a><\/td>\n<\/tr>\n<tr>\n<td style=\"width: 30px; text-align: left; vertical-align: middle;\"><img loading=\"lazy\" decoding=\"async\" class=\"alignleft size-full wp-image-2515\" src=\"http:\/\/www.ciudadrodrigo.es\/ayuntamiento\/wp-content\/uploads\/2018\/04\/iconoDescargaPdf.png\" alt=\"iconodescargapdf\" width=\"30\" height=\"30\" \/><\/td>\n<td>\u00a0<a href=\"http:\/\/www.ciudadrodrigo.es\/ayuntamiento\/wp-content\/uploads\/2018\/05\/Adjudicacion-provisional-4.pdf\" target=\"_blank\">Adjudicaci\u00f3n provisional.<\/a><\/td>\n<\/tr>\n<tr>\n<td style=\"width: 30px; text-align: left; vertical-align: middle;\"><img loading=\"lazy\" decoding=\"async\" class=\"alignleft size-full wp-image-2515\" src=\"http:\/\/www.ciudadrodrigo.es\/ayuntamiento\/wp-content\/uploads\/2018\/04\/iconoDescargaPdf.png\" alt=\"iconodescargapdf\" width=\"30\" height=\"30\" \/><\/td>\n<td>\u00a0<a href=\"http:\/\/www.ciudadrodrigo.es\/ayuntamiento\/wp-content\/uploads\/2018\/05\/Adjudicacion-definitiva-4.pdf\" target=\"_blank\">Adjudicaci\u00f3n definitiva.<\/a><\/td>\n<\/tr>\n<tr>\n<td style=\"width: 30px; text-align: left; vertical-align: middle;\"><img loading=\"lazy\" decoding=\"async\" class=\"alignleft size-full wp-image-2515\" src=\"http:\/\/www.ciudadrodrigo.es\/ayuntamiento\/wp-content\/uploads\/2018\/04\/iconoDescargaPdf.png\" alt=\"iconodescargapdf\" width=\"30\" height=\"30\" \/><\/td>\n<td>\u00a0<a href=\"http:\/\/www.ciudadrodrigo.es\/ayuntamiento\/wp-content\/uploads\/2018\/05\/Proyecto-construccion-colector-general-zona-este.pdf\" target=\"_blank\">Proyecto.<\/a><\/td>\n<\/tr>\n<\/tbody>\n<\/table>\n<p><span style=\"text-decoration: underline;\">CONTRATACI\u00d3N<\/span><br \/>\n<strong><em>Direcci\u00f3n:<\/em><\/strong>\u00a0Plaza Mayor, 27<br \/>\n<strong><em>E-mail:<\/em><\/strong>\u00a0contratacion@aytociudadrodrigo.es<\/p>\n","protected":false},"excerpt":{"rendered":"<p>Tr\u00e1mites y Gestiones &#8211;&gt;\u00a0Perfil del Contratante &#8211;&gt; Obras &#8211;&gt; Adjudicaciones &nbsp; Estado de la adjudicaci\u00f3n:\u00a0Adjudicaci\u00f3n definitiva \u00d3RGANO DE CONTRATACI\u00d3N:\u00a0Excmo Ayuntamiento de Ciudad Rodrigo. PROCEDIMIENTO: Urgente. VALOR TOTAL: 749.700,00 \u20ac m\u00e1s 119.952,00 \u20ac de IVA. ADJUDICACI\u00d3N PROVISIONAL FECHA DE ADJUDICACI\u00d3N: Martes, 31 de Marzo de 2009. ADJUDICATARIO:\u00a0 D. Santiago Lafuente P\u00e9rez Lucas en representaci\u00f3n de AQUALIA [&hellip;]<\/p>\n","protected":false},"author":1,"featured_media":0,"parent":0,"menu_order":0,"comment_status":"closed","ping_status":"closed","template":"","meta":{"footnotes":""},"class_list":["post-2769","page","type-page","status-publish","hentry"],"_links":{"self":[{"href":"https:\/\/www.ciudadrodrigo.es\/ayuntamiento\/wp-json\/wp\/v2\/pages\/2769","targetHints":{"allow":["GET"]}}],"collection":[{"href":"https:\/\/www.ciudadrodrigo.es\/ayuntamiento\/wp-json\/wp\/v2\/pages"}],"about":[{"href":"https:\/\/www.ciudadrodrigo.es\/ayuntamiento\/wp-json\/wp\/v2\/types\/page"}],"author":[{"embeddable":true,"href":"https:\/\/www.ciudadrodrigo.es\/ayuntamiento\/wp-json\/wp\/v2\/users\/1"}],"replies":[{"embeddable":true,"href":"https:\/\/www.ciudadrodrigo.es\/ayuntamiento\/wp-json\/wp\/v2\/comments?post=2769"}],"version-history":[{"count":2,"href":"https:\/\/www.ciudadrodrigo.es\/ayuntamiento\/wp-json\/wp\/v2\/pages\/2769\/revisions"}],"predecessor-version":[{"id":2815,"href":"https:\/\/www.ciudadrodrigo.es\/ayuntamiento\/wp-json\/wp\/v2\/pages\/2769\/revisions\/2815"}],"wp:attachment":[{"href":"https:\/\/www.ciudadrodrigo.es\/ayuntamiento\/wp-json\/wp\/v2\/media?parent=2769"}],"curies":[{"name":"wp","href":"https:\/\/api.w.org\/{rel}","templated":true}]}}