{"id":3017,"date":"2018-05-30T09:40:01","date_gmt":"2018-05-30T09:40:01","guid":{"rendered":"http:\/\/www.ciudadrodrigo.es\/ayuntamiento\/?page_id=3017"},"modified":"2019-06-19T11:27:14","modified_gmt":"2019-06-19T11:27:14","slug":"junta-de-gobierno-2015-2019","status":"publish","type":"page","link":"https:\/\/www.ciudadrodrigo.es\/ayuntamiento\/junta-de-gobierno-2015-2019\/","title":{"rendered":"Junta de Gobierno 2015-2019"},"content":{"rendered":"<table style=\"height: 49px;\" width=\"412\">\n<tbody>\n<tr>\n<td style=\"width: 20px; text-align: left; vertical-align: middle;\"><img loading=\"lazy\" decoding=\"async\" class=\"alignleft size-full wp-image-2584\" src=\"http:\/\/www.ciudadrodrigo.es\/ayuntamiento\/wp-content\/uploads\/2018\/04\/icono-atras.png\" alt=\"icono-atras\" width=\"20\" height=\"12\" \/><\/td>\n<td style=\"text-align: left; vertical-align: middle;\">\u00a0<a href=\"http:\/\/www.ciudadrodrigo.es\/ayuntamiento\/organos-de-gobierno\/\">\u00d3rganos de Gobierno<\/a> &#8211;&gt; <b>Junta de Gobierno<\/b><\/td>\n<\/tr>\n<\/tbody>\n<\/table>\n<h3><strong>JUNTA DE GOBIERNO.<\/strong><\/h3>\n<p>La Junta de Gobierno Local celebrar\u00e1 dos sesiones ordinarias al mes, que tendr\u00e1n lugar la primera y tercera semana de cada mes. Se faculta, no obstante, al Alcalde para suspender la celebraci\u00f3n de las sesiones de la Junta de Gobierno Local del mes de agosto y para alterar las que coincidan con Semana Santa y Navidad, como consecuencia de los periodos vacacionales, cuando ello no menoscabe la gesti\u00f3n de los asuntos municipales.<\/p>\n<p><span style=\"text-decoration: underline;\">Presidente:<\/span><br \/>\nD. Juan Tom\u00e1s Mu\u00f1oz Garz\u00f3n<br \/>\n<span style=\"text-decoration: underline;\">Vocales:<\/span><br \/>\nD. Domingo Benito Lucas<br \/>\nD. Carlos Fern\u00e1ndez Chanca<br \/>\nD. Manuel Choya Moreno<br \/>\nD. Joaqu\u00edn Pellicer Valverde<br \/>\nD\u00aa. Soraya Mangas Mu\u00f1oz<\/p>\n","protected":false},"excerpt":{"rendered":"<p>\u00a0\u00d3rganos de Gobierno &#8211;&gt; Junta de Gobierno JUNTA DE GOBIERNO. La Junta de Gobierno Local celebrar\u00e1 dos sesiones ordinarias al mes, que tendr\u00e1n lugar la primera y tercera semana de cada mes. Se faculta, no obstante, al Alcalde para suspender la celebraci\u00f3n de las sesiones de la Junta de Gobierno Local del mes de agosto [&hellip;]<\/p>\n","protected":false},"author":1,"featured_media":0,"parent":0,"menu_order":0,"comment_status":"closed","ping_status":"closed","template":"","meta":{"footnotes":""},"class_list":["post-3017","page","type-page","status-publish","hentry"],"_links":{"self":[{"href":"https:\/\/www.ciudadrodrigo.es\/ayuntamiento\/wp-json\/wp\/v2\/pages\/3017","targetHints":{"allow":["GET"]}}],"collection":[{"href":"https:\/\/www.ciudadrodrigo.es\/ayuntamiento\/wp-json\/wp\/v2\/pages"}],"about":[{"href":"https:\/\/www.ciudadrodrigo.es\/ayuntamiento\/wp-json\/wp\/v2\/types\/page"}],"author":[{"embeddable":true,"href":"https:\/\/www.ciudadrodrigo.es\/ayuntamiento\/wp-json\/wp\/v2\/users\/1"}],"replies":[{"embeddable":true,"href":"https:\/\/www.ciudadrodrigo.es\/ayuntamiento\/wp-json\/wp\/v2\/comments?post=3017"}],"version-history":[{"count":5,"href":"https:\/\/www.ciudadrodrigo.es\/ayuntamiento\/wp-json\/wp\/v2\/pages\/3017\/revisions"}],"predecessor-version":[{"id":6438,"href":"https:\/\/www.ciudadrodrigo.es\/ayuntamiento\/wp-json\/wp\/v2\/pages\/3017\/revisions\/6438"}],"wp:attachment":[{"href":"https:\/\/www.ciudadrodrigo.es\/ayuntamiento\/wp-json\/wp\/v2\/media?parent=3017"}],"curies":[{"name":"wp","href":"https:\/\/api.w.org\/{rel}","templated":true}]}}