{"id":3081,"date":"2018-06-01T08:53:24","date_gmt":"2018-06-01T08:53:24","guid":{"rendered":"http:\/\/www.ciudadrodrigo.es\/ayuntamiento\/?page_id=3081"},"modified":"2023-04-03T12:56:48","modified_gmt":"2023-04-03T10:56:48","slug":"informacion-general","status":"publish","type":"page","link":"https:\/\/www.ciudadrodrigo.es\/ayuntamiento\/informacion-general\/","title":{"rendered":"Informaci\u00f3n general"},"content":{"rendered":"<h3>Los Servicios Sociales de Base se prestan en:<\/h3>\n<h2><strong>* CEAS<\/strong><\/h2>\n<p>Centro de Acci\u00f3n Social de Ciudad Rodrigo.<\/p>\n<p>Diputaci\u00f3n Provincial de Salamanca.<\/p>\n<p>C\/ Juan Arias n\u00ba 1<\/p>\n<p>37500 Ciudad Rodrigo<\/p>\n<h3><em><strong>Tel\u00e9fono Cita previa: 923 498 340<\/strong><\/em><\/h3>\n<p><em>Cuentan con un Equipo de Acci\u00f3n Social B\u00e1sica (Profesionales del Trabajo Social y de la Animaci\u00f3n Comunitaria).<\/em><\/p>\n<p><strong>Prestan los siguientes Servicios:<br \/>\n<\/strong><br \/>\n\u2013 Informaci\u00f3n, Orientaci\u00f3n y Asesoramiento sobre recursos y prestaciones sociales.<\/p>\n<p>\u2013 Valoraci\u00f3n de las situaciones de necesidad, planificaci\u00f3n de las intervenciones y seguimiento.<\/p>\n<p>\u2013 Tramitaci\u00f3n de los recursos sociales adecuados a las situaciones de necesidad.<\/p>\n<p>\u2013 Fomentar la participaci\u00f3n social.<\/p>\n<p>*************************************************************************************************<\/p>\n<div id=\"modulosContenido\">\n<div class=\"moduletable\">\n<div class=\"desplegable\">\n<div class=\"contactCustom\"><\/div>\n<\/div>\n<\/div>\n<\/div>\n","protected":false},"excerpt":{"rendered":"<p>Los Servicios Sociales de Base se prestan en: * CEAS Centro de Acci\u00f3n Social de Ciudad Rodrigo. Diputaci\u00f3n Provincial de Salamanca. C\/ Juan Arias n\u00ba 1 37500 Ciudad Rodrigo Tel\u00e9fono Cita previa: 923 498 340 Cuentan con un Equipo de Acci\u00f3n Social B\u00e1sica (Profesionales del Trabajo Social y de la Animaci\u00f3n Comunitaria). Prestan los siguientes [&hellip;]<\/p>\n","protected":false},"author":1,"featured_media":0,"parent":0,"menu_order":0,"comment_status":"closed","ping_status":"closed","template":"","meta":{"footnotes":""},"class_list":["post-3081","page","type-page","status-publish","hentry"],"_links":{"self":[{"href":"https:\/\/www.ciudadrodrigo.es\/ayuntamiento\/wp-json\/wp\/v2\/pages\/3081","targetHints":{"allow":["GET"]}}],"collection":[{"href":"https:\/\/www.ciudadrodrigo.es\/ayuntamiento\/wp-json\/wp\/v2\/pages"}],"about":[{"href":"https:\/\/www.ciudadrodrigo.es\/ayuntamiento\/wp-json\/wp\/v2\/types\/page"}],"author":[{"embeddable":true,"href":"https:\/\/www.ciudadrodrigo.es\/ayuntamiento\/wp-json\/wp\/v2\/users\/1"}],"replies":[{"embeddable":true,"href":"https:\/\/www.ciudadrodrigo.es\/ayuntamiento\/wp-json\/wp\/v2\/comments?post=3081"}],"version-history":[{"count":3,"href":"https:\/\/www.ciudadrodrigo.es\/ayuntamiento\/wp-json\/wp\/v2\/pages\/3081\/revisions"}],"predecessor-version":[{"id":14609,"href":"https:\/\/www.ciudadrodrigo.es\/ayuntamiento\/wp-json\/wp\/v2\/pages\/3081\/revisions\/14609"}],"wp:attachment":[{"href":"https:\/\/www.ciudadrodrigo.es\/ayuntamiento\/wp-json\/wp\/v2\/media?parent=3081"}],"curies":[{"name":"wp","href":"https:\/\/api.w.org\/{rel}","templated":true}]}}