{"id":3237,"date":"2018-06-05T08:16:43","date_gmt":"2018-06-05T08:16:43","guid":{"rendered":"http:\/\/www.ciudadrodrigo.es\/ayuntamiento\/?page_id=3237"},"modified":"2018-06-25T11:49:48","modified_gmt":"2018-06-25T11:49:48","slug":"perfil-del-contratante-suministros","status":"publish","type":"page","link":"https:\/\/www.ciudadrodrigo.es\/ayuntamiento\/perfil-del-contratante-suministros\/","title":{"rendered":"Perfil del contratante &#8211; SUMINISTROS"},"content":{"rendered":"<table style=\"height: 24px;\" width=\"693\">\n<tbody>\n<tr>\n<td style=\"width: 20px; text-align: left; vertical-align: middle;\"><img loading=\"lazy\" decoding=\"async\" class=\"alignleft size-full wp-image-2584\" src=\"http:\/\/www.ciudadrodrigo.es\/ayuntamiento\/wp-content\/uploads\/2018\/04\/icono-atras.png\" alt=\"icono-atras\" width=\"20\" height=\"12\" \/><\/td>\n<td style=\"text-align: left; vertical-align: middle;\">Tr\u00e1mites y Gestiones &#8211;&gt;\u00a0<a href=\"http:\/\/www.ciudadrodrigo.es\/ayuntamiento\/perfil-del-contratante\/\">Perfil del Contratante<\/a> &#8211;&gt; <b>Suministros<\/b><\/td>\n<\/tr>\n<\/tbody>\n<\/table>\n<p>&nbsp;<\/p>\n<table style=\"height: 491px;\" width=\"897\">\n<tbody>\n<tr>\n<td style=\"width: 30px; text-align: left; vertical-align: middle;\"><img loading=\"lazy\" decoding=\"async\" class=\"alignleft size-full wp-image-2576\" src=\"http:\/\/www.ciudadrodrigo.es\/ayuntamiento\/wp-content\/uploads\/2018\/04\/listado.png\" alt=\"listado\" width=\"30\" height=\"30\" \/><\/td>\n<td>\u00a0<a href=\"https:\/\/www.ciudadrodrigo.es\/ayuntamiento\/mejora-de-la-eficiencia-energetica-del-alumbrado-publico-exterior-al-recinto-amurallado\/\">Mejora de la eficiencia energ\u00e9tica del alumbrado p\u00fablico exterior al recinto amurallado.<\/a><\/td>\n<\/tr>\n<tr>\n<td style=\"width: 30px; text-align: left; vertical-align: middle;\"><img loading=\"lazy\" decoding=\"async\" class=\"alignleft size-full wp-image-2576\" src=\"http:\/\/www.ciudadrodrigo.es\/ayuntamiento\/wp-content\/uploads\/2018\/04\/listado.png\" alt=\"listado\" width=\"30\" height=\"30\" \/><\/td>\n<td>\u00a0<a href=\"https:\/\/www.ciudadrodrigo.es\/ayuntamiento\/contrato-mixto-de-suministro-y-servicios-de-mejora-de-la-eficiencia-energetica-del-alumbrado-publico-del-recinto-amurallado-de-ciudad-rodrigo\/\">Contrato mixto de suministro y servicios de mejora de la eficiencia energ\u00e9tica del alumbrado p\u00fablico del recinto amurallado de Ciudad Rodrigo<\/a>.<\/td>\n<\/tr>\n<tr>\n<td style=\"width: 30px; text-align: left; vertical-align: middle;\"><img loading=\"lazy\" decoding=\"async\" class=\"alignleft size-full wp-image-2576\" src=\"http:\/\/www.ciudadrodrigo.es\/ayuntamiento\/wp-content\/uploads\/2018\/04\/listado.png\" alt=\"listado\" width=\"30\" height=\"30\" \/><\/td>\n<td>\u00a0<a href=\"https:\/\/www.ciudadrodrigo.es\/ayuntamiento\/licitacion-suministro-de-material-de-construccion-para-diversas-obras-municipales\/\">Licitaci\u00f3n suministro de material de construcci\u00f3n para diversas obras municipales.<\/a><\/td>\n<\/tr>\n<tr>\n<td style=\"width: 30px; text-align: left; vertical-align: middle;\"><img loading=\"lazy\" decoding=\"async\" class=\"alignleft size-full wp-image-2576\" src=\"http:\/\/www.ciudadrodrigo.es\/ayuntamiento\/wp-content\/uploads\/2018\/04\/listado.png\" alt=\"listado\" width=\"30\" height=\"30\" \/><\/td>\n<td>\u00a0<a href=\"https:\/\/www.ciudadrodrigo.es\/ayuntamiento\/licitacion-suministro-256-nichos-prefabricados-de-hormigon\/\" target=\"_blank\">Licitaci\u00f3n suministro 256 nichos prefabricados de hormig\u00f3n.<\/a><\/td>\n<\/tr>\n<tr>\n<td style=\"width: 30px; text-align: left; vertical-align: middle;\"><img loading=\"lazy\" decoding=\"async\" class=\"alignleft size-full wp-image-2576\" src=\"http:\/\/www.ciudadrodrigo.es\/ayuntamiento\/wp-content\/uploads\/2018\/04\/listado.png\" alt=\"listado\" width=\"30\" height=\"30\" \/><\/td>\n<td>\u00a0<a href=\"https:\/\/www.ciudadrodrigo.es\/ayuntamiento\/licitacion-suministro-libro-de-carnaval-del-toro-2017\/\" target=\"_blank\">Licitaci\u00f3n suministro libro de Carnaval del Toro 2017.<\/a><\/td>\n<\/tr>\n<tr>\n<td style=\"width: 30px; text-align: left; vertical-align: middle;\"><img loading=\"lazy\" decoding=\"async\" class=\"alignleft size-full wp-image-2576\" src=\"http:\/\/www.ciudadrodrigo.es\/ayuntamiento\/wp-content\/uploads\/2018\/04\/listado.png\" alt=\"listado\" width=\"30\" height=\"30\" \/><\/td>\n<td>\u00a0<a href=\"https:\/\/www.ciudadrodrigo.es\/ayuntamiento\/suministro-libro-carnaval-del-toro-2014\/\" target=\"_blank\">Suministro libro Carnaval del Toro 2014.<\/a><\/td>\n<\/tr>\n<tr>\n<td style=\"width: 30px; text-align: left; vertical-align: middle;\"><img loading=\"lazy\" decoding=\"async\" class=\"alignleft size-full wp-image-2576\" src=\"http:\/\/www.ciudadrodrigo.es\/ayuntamiento\/wp-content\/uploads\/2018\/04\/listado.png\" alt=\"listado\" width=\"30\" height=\"30\" \/><\/td>\n<td>\u00a0Suministro del Libro del Carnaval del Toro 2011.<\/td>\n<\/tr>\n<tr>\n<td style=\"width: 30px; text-align: left; vertical-align: middle;\"><img loading=\"lazy\" decoding=\"async\" class=\"alignleft size-full wp-image-2576\" src=\"http:\/\/www.ciudadrodrigo.es\/ayuntamiento\/wp-content\/uploads\/2018\/04\/listado.png\" alt=\"listado\" width=\"30\" height=\"30\" \/><\/td>\n<td>\u00a0Suministro de equipamiento, mobiliario y material did\u00e1ctico de la Escuela Infantil P\u00fablica &#8216;Jos\u00e9 Manuel Hidalgo&#8217;<\/td>\n<\/tr>\n<tr>\n<td style=\"width: 30px; text-align: left; vertical-align: middle;\"><img loading=\"lazy\" decoding=\"async\" class=\"alignleft size-full wp-image-2576\" src=\"http:\/\/www.ciudadrodrigo.es\/ayuntamiento\/wp-content\/uploads\/2018\/04\/listado.png\" alt=\"listado\" width=\"30\" height=\"30\" \/><\/td>\n<td>\u00a0Suministro e instalaci\u00f3n de sistema de CCTV para control de tr\u00e1fico para las zonas de La Glorieta y El Cruce.<\/td>\n<\/tr>\n<tr>\n<td style=\"width: 30px; text-align: left; vertical-align: middle;\"><img loading=\"lazy\" decoding=\"async\" class=\"alignleft size-full wp-image-2576\" src=\"http:\/\/www.ciudadrodrigo.es\/ayuntamiento\/wp-content\/uploads\/2018\/04\/listado.png\" alt=\"listado\" width=\"30\" height=\"30\" \/><\/td>\n<td>\u00a0Contrataci\u00f3n de la edici\u00f3n del Libro del Carnaval 2010.<\/td>\n<\/tr>\n<\/tbody>\n<\/table>\n<p>&nbsp;<\/p>\n<p><span style=\"text-decoration: underline;\">CONTRATACI\u00d3N<\/span><br \/>\n<strong><em>Direcci\u00f3n:<\/em><\/strong>\u00a0Plaza Mayor, 27<br \/>\n<strong><em>E-mail:<\/em><\/strong>\u00a0contratacion@aytociudadrodrigo.es<\/p>\n","protected":false},"excerpt":{"rendered":"<p>Tr\u00e1mites y Gestiones &#8211;&gt;\u00a0Perfil del Contratante &#8211;&gt; Suministros &nbsp; \u00a0Mejora de la eficiencia energ\u00e9tica del alumbrado p\u00fablico exterior al recinto amurallado. \u00a0Contrato mixto de suministro y servicios de mejora de la eficiencia energ\u00e9tica del alumbrado p\u00fablico del recinto amurallado de Ciudad Rodrigo. \u00a0Licitaci\u00f3n suministro de material de construcci\u00f3n para diversas obras municipales. \u00a0Licitaci\u00f3n suministro 256 [&hellip;]<\/p>\n","protected":false},"author":1,"featured_media":0,"parent":0,"menu_order":0,"comment_status":"closed","ping_status":"closed","template":"","meta":{"footnotes":""},"class_list":["post-3237","page","type-page","status-publish","hentry"],"_links":{"self":[{"href":"https:\/\/www.ciudadrodrigo.es\/ayuntamiento\/wp-json\/wp\/v2\/pages\/3237","targetHints":{"allow":["GET"]}}],"collection":[{"href":"https:\/\/www.ciudadrodrigo.es\/ayuntamiento\/wp-json\/wp\/v2\/pages"}],"about":[{"href":"https:\/\/www.ciudadrodrigo.es\/ayuntamiento\/wp-json\/wp\/v2\/types\/page"}],"author":[{"embeddable":true,"href":"https:\/\/www.ciudadrodrigo.es\/ayuntamiento\/wp-json\/wp\/v2\/users\/1"}],"replies":[{"embeddable":true,"href":"https:\/\/www.ciudadrodrigo.es\/ayuntamiento\/wp-json\/wp\/v2\/comments?post=3237"}],"version-history":[{"count":10,"href":"https:\/\/www.ciudadrodrigo.es\/ayuntamiento\/wp-json\/wp\/v2\/pages\/3237\/revisions"}],"predecessor-version":[{"id":4046,"href":"https:\/\/www.ciudadrodrigo.es\/ayuntamiento\/wp-json\/wp\/v2\/pages\/3237\/revisions\/4046"}],"wp:attachment":[{"href":"https:\/\/www.ciudadrodrigo.es\/ayuntamiento\/wp-json\/wp\/v2\/media?parent=3237"}],"curies":[{"name":"wp","href":"https:\/\/api.w.org\/{rel}","templated":true}]}}