{"id":3242,"date":"2018-06-05T08:22:35","date_gmt":"2018-06-05T08:22:35","guid":{"rendered":"http:\/\/www.ciudadrodrigo.es\/ayuntamiento\/?page_id=3242"},"modified":"2018-06-25T11:55:00","modified_gmt":"2018-06-25T11:55:00","slug":"perfil-del-contratante-otros-contratos","status":"publish","type":"page","link":"https:\/\/www.ciudadrodrigo.es\/ayuntamiento\/perfil-del-contratante-otros-contratos\/","title":{"rendered":"Perfil del contratante &#8211; Otros contratos."},"content":{"rendered":"<table style=\"height: 24px;\" width=\"693\">\n<tbody>\n<tr>\n<td style=\"width: 20px; text-align: left; vertical-align: middle;\"><img loading=\"lazy\" decoding=\"async\" class=\"alignleft size-full wp-image-2584\" src=\"http:\/\/www.ciudadrodrigo.es\/ayuntamiento\/wp-content\/uploads\/2018\/04\/icono-atras.png\" alt=\"icono-atras\" width=\"20\" height=\"12\" \/><\/td>\n<td style=\"text-align: left; vertical-align: middle;\">Tr\u00e1mites y Gestiones &#8211;&gt;\u00a0<a href=\"http:\/\/www.ciudadrodrigo.es\/ayuntamiento\/perfil-del-contratante\/\">Perfil del Contratante<\/a> &#8211;&gt; <b>Otros contratos.<\/b><\/td>\n<\/tr>\n<\/tbody>\n<\/table>\n<p>&nbsp;<\/p>\n<table style=\"height: 5px;\" width=\"876\">\n<tbody>\n<tr>\n<td style=\"width: 30px; text-align: left; vertical-align: middle;\"><img loading=\"lazy\" decoding=\"async\" class=\"alignleft size-full wp-image-2576\" src=\"http:\/\/www.ciudadrodrigo.es\/ayuntamiento\/wp-content\/uploads\/2018\/04\/listado.png\" alt=\"listado\" width=\"30\" height=\"30\" \/><\/td>\n<td>\u00a0<a href=\"https:\/\/www.ciudadrodrigo.es\/ayuntamiento\/licitacion-instalacion-y-explotacion-de-3-barras-durante-la-feria-medieval-2018\/\">Licitaci\u00f3n instalaci\u00f3n y explotaci\u00f3n de 3 barras durante la feria medieval 2018.<\/a><\/td>\n<\/tr>\n<\/tbody>\n<\/table>\n<p><span style=\"text-decoration: underline;\"><br \/>\nCONTRATACI\u00d3N<\/span><br \/>\n<strong><em>Direcci\u00f3n:<\/em><\/strong>\u00a0Plaza Mayor, 27<br \/>\n<strong><em>E-mail:<\/em><\/strong>\u00a0<a href=\"mailto:contratacion@aytociudadrodrigo.es\" target=\"_blank\">contratacion@aytociudadrodrigo.es<\/a><\/p>\n<p>&nbsp;<\/p>\n","protected":false},"excerpt":{"rendered":"<p>Tr\u00e1mites y Gestiones &#8211;&gt;\u00a0Perfil del Contratante &#8211;&gt; Otros contratos. &nbsp; \u00a0Licitaci\u00f3n instalaci\u00f3n y explotaci\u00f3n de 3 barras durante la feria medieval 2018. CONTRATACI\u00d3N Direcci\u00f3n:\u00a0Plaza Mayor, 27 E-mail:\u00a0contratacion@aytociudadrodrigo.es &nbsp;<\/p>\n","protected":false},"author":1,"featured_media":0,"parent":0,"menu_order":0,"comment_status":"closed","ping_status":"closed","template":"","meta":{"footnotes":""},"class_list":["post-3242","page","type-page","status-publish","hentry"],"_links":{"self":[{"href":"https:\/\/www.ciudadrodrigo.es\/ayuntamiento\/wp-json\/wp\/v2\/pages\/3242","targetHints":{"allow":["GET"]}}],"collection":[{"href":"https:\/\/www.ciudadrodrigo.es\/ayuntamiento\/wp-json\/wp\/v2\/pages"}],"about":[{"href":"https:\/\/www.ciudadrodrigo.es\/ayuntamiento\/wp-json\/wp\/v2\/types\/page"}],"author":[{"embeddable":true,"href":"https:\/\/www.ciudadrodrigo.es\/ayuntamiento\/wp-json\/wp\/v2\/users\/1"}],"replies":[{"embeddable":true,"href":"https:\/\/www.ciudadrodrigo.es\/ayuntamiento\/wp-json\/wp\/v2\/comments?post=3242"}],"version-history":[{"count":8,"href":"https:\/\/www.ciudadrodrigo.es\/ayuntamiento\/wp-json\/wp\/v2\/pages\/3242\/revisions"}],"predecessor-version":[{"id":4052,"href":"https:\/\/www.ciudadrodrigo.es\/ayuntamiento\/wp-json\/wp\/v2\/pages\/3242\/revisions\/4052"}],"wp:attachment":[{"href":"https:\/\/www.ciudadrodrigo.es\/ayuntamiento\/wp-json\/wp\/v2\/media?parent=3242"}],"curies":[{"name":"wp","href":"https:\/\/api.w.org\/{rel}","templated":true}]}}