{"id":3306,"date":"2018-06-06T10:12:42","date_gmt":"2018-06-06T10:12:42","guid":{"rendered":"http:\/\/www.ciudadrodrigo.es\/ayuntamiento\/?page_id=3306"},"modified":"2018-06-19T07:45:34","modified_gmt":"2018-06-19T07:45:34","slug":"mejora-de-la-eficiencia-energetica-del-alumbrado-publico-exterior-al-recinto-amurallado","status":"publish","type":"page","link":"https:\/\/www.ciudadrodrigo.es\/ayuntamiento\/mejora-de-la-eficiencia-energetica-del-alumbrado-publico-exterior-al-recinto-amurallado\/","title":{"rendered":"Mejora de la eficiencia energ\u00e9tica del alumbrado p\u00fablico exterior al recinto amurallado"},"content":{"rendered":"<table style=\"height: 32px;\" width=\"734\">\n<tbody>\n<tr>\n<td style=\"width: 20px; text-align: left; vertical-align: middle;\"><img loading=\"lazy\" decoding=\"async\" class=\"alignleft size-full wp-image-2584\" src=\"http:\/\/www.ciudadrodrigo.es\/ayuntamiento\/wp-content\/uploads\/2018\/04\/icono-atras.png\" alt=\"icono-atras\" width=\"20\" height=\"12\" \/><\/td>\n<td style=\"text-align: left; vertical-align: middle;\">Tr\u00e1mites y Gestiones &#8211;&gt;\u00a0<a href=\"http:\/\/www.ciudadrodrigo.es\/ayuntamiento\/perfil-del-contratante\/\">Perfil del Contratante<\/a> &#8211;&gt; <a href=\"https:\/\/www.ciudadrodrigo.es\/ayuntamiento\/perfil-del-contratante-suministros\/\">Suministros<\/a>\u00a0&#8211;&gt; <a href=\"https:\/\/www.ciudadrodrigo.es\/ayuntamiento\/suministros-adjudicaciones\/\"><b>Adjudicaciones<\/b><\/a><\/td>\n<\/tr>\n<\/tbody>\n<\/table>\n<p><em><strong>\u00d3RGANO DE CONTRATACI\u00d3N:<\/strong><\/em> Ayuntamiento de Ciudad Rodrigo.<br \/>\n<em><strong>PROCEDIMIENTO DE ADJUDICACI\u00d3N:<\/strong><\/em> Abierto, oferta econ\u00f3micamente m\u00e1s ventajosa, varios criterios de adjudicaci\u00f3n.<br \/>\n<em><strong>PUBLICACI\u00d3N ANUNCIO BOP:<\/strong><\/em> 8 de febrero de 2018.<br \/>\n<em><strong>PRESENTACI\u00d3N DE OFERTAS:<\/strong> <\/em>Hasta las 14:00 horas del d\u00eda 23 de febrero de 2018.<\/p>\n<p><em><strong>APERTURA SOBRE A:<\/strong><\/em> A las 13:30 horas del d\u00eda 28 de febrero de 2018. <span style=\"text-decoration: underline;\">SE SUSPENDE LA APERTURA DE LOS SOBRE AL NO HABER SIDO RECIBIDA UNA DE LAS OFERTAS.<br \/>\n<\/span><em><strong>APERTURA SOBRE B:<\/strong><\/em> El d\u00eda 2 de marzo de 2018 a las 13:30 horas. <span style=\"text-decoration: underline;\">SE SUSPENDE LA APERTURA DE LOS SOBRES AL NO HABER SIDO RECIBIDA UNA DE LAS OFERTAS.<\/span><\/p>\n<p><em><strong>APERTURA SOBRE A:<\/strong><\/em> A las 13:30 horas del d\u00eda 7 de marzo de 2018.<br \/>\n<em><strong>APERTURA SOBRE B:<\/strong><\/em> A las 13:30 horas del d\u00eda 9 de marzo de 2018<\/p>\n<p><em><strong>RELACI\u00d3N DE EMPRESAS ADMITIDAS AL PROCESO DE LICITACI\u00d3N:<\/strong> Descargar de documentos adjuntos.<\/em><br \/>\n<strong><em>RELACI\u00d3N DE OFERTAS PRESENTADAS:<\/em><\/strong> <em>Descargar de documentos adjuntos.<\/em><\/p>\n<p><em><strong>C\u00c1LCULO VALORES ANORMALES:<\/strong><\/em> <em>Descargar de documentos adjuntos.<\/em><br \/>\n<em><strong>INFORME T\u00c9CNICO Y ANEXO (ESTUDIO JUSTIFICACI\u00d3N VALORES ANORMALES):<\/strong><\/em> <em>Descargar de documentos adjuntos.<\/em><br \/>\n<em><strong>ACTA MESA (VALORACI\u00d3N Y PROPUESTA DE ADJUDICACI\u00d3N):<\/strong> Descargar de documentos adjuntos.<\/em><\/p>\n<p><strong><em>ADJUDICACI\u00d3N:<\/em><\/strong> Acuerdo Junta de Gobierno Local de fecha 14 de mayo de 2018. <em>(Descargar anuncio de adjudicaci\u00f3n de documentos adjuntos)<\/em><\/p>\n<p><em><strong>FORMALIZACI\u00d3N CONTRATO<\/strong><\/em>: 31 de mayo de 2018 <em>(Descargar anuncio de documentos adjuntos)<\/em><\/p>\n<p>&nbsp;<\/p>\n<p><span style=\"text-decoration: underline;\"><strong>DOCUMENTOS:<br \/>\n<\/strong><\/span><\/p>\n<table style=\"height: 96px;\" width=\"666\">\n<tbody>\n<tr>\n<td style=\"width: 30px; text-align: left; vertical-align: middle;\"><img loading=\"lazy\" decoding=\"async\" class=\"alignleft size-full wp-image-2515\" src=\"http:\/\/www.ciudadrodrigo.es\/ayuntamiento\/wp-content\/uploads\/2018\/04\/iconoDescargaPdf.png\" alt=\"iconodescargapdf\" width=\"30\" height=\"30\" \/><\/td>\n<td>\u00a0 <a href=\"http:\/\/www.ciudadrodrigo.es\/ayuntamiento\/wp-content\/uploads\/2018\/06\/PLIEGO-DE-CLAUSULAS-ADMINISTRATIVAS.pdf\" target=\"_blank\">Pliego de cla\u00fasulas administrativas.<\/a><\/td>\n<\/tr>\n<tr>\n<td style=\"width: 30px; text-align: left; vertical-align: middle;\"><img loading=\"lazy\" decoding=\"async\" class=\"alignleft size-full wp-image-2515\" src=\"http:\/\/www.ciudadrodrigo.es\/ayuntamiento\/wp-content\/uploads\/2018\/04\/iconoDescargaPdf.png\" alt=\"iconodescargapdf\" width=\"30\" height=\"30\" \/><\/td>\n<td>\u00a0<a href=\"http:\/\/www.ciudadrodrigo.es\/ayuntamiento\/wp-content\/uploads\/2018\/06\/PROYECTO-MEJORA-EFICIENCIA-ENERGETICA-EXTERIOR-AL-RECINTO-AMURALLADO-FASE-I.pdf\" target=\"_blank\">Proyecto mejora eficiencia energ\u00e9tica exterior al recinto amurallado Fase I.<\/a><\/td>\n<\/tr>\n<tr>\n<td style=\"width: 30px; text-align: left; vertical-align: middle;\"><img loading=\"lazy\" decoding=\"async\" class=\"alignleft size-full wp-image-2515\" src=\"http:\/\/www.ciudadrodrigo.es\/ayuntamiento\/wp-content\/uploads\/2018\/04\/iconoDescargaPdf.png\" alt=\"iconodescargapdf\" width=\"30\" height=\"30\" \/><\/td>\n<td>\u00a0<a href=\"http:\/\/www.ciudadrodrigo.es\/ayuntamiento\/wp-content\/uploads\/2018\/06\/RELACION-DE-LICITADORES.pdf\" target=\"_blank\">Relaci\u00f3n de licitadores.<\/a><\/td>\n<\/tr>\n<tr>\n<td style=\"width: 30px; text-align: left; vertical-align: middle;\"><img loading=\"lazy\" decoding=\"async\" class=\"alignleft size-full wp-image-2515\" src=\"http:\/\/www.ciudadrodrigo.es\/ayuntamiento\/wp-content\/uploads\/2018\/04\/iconoDescargaPdf.png\" alt=\"iconodescargapdf\" width=\"30\" height=\"30\" \/><\/td>\n<td>\u00a0<a href=\"http:\/\/www.ciudadrodrigo.es\/ayuntamiento\/wp-content\/uploads\/2018\/06\/RELACION-DE-OFERTAS-PRESENTADAS.pdf\" target=\"_blank\">Relaci\u00f3n de ofertas presentadas.<\/a><\/td>\n<\/tr>\n<tr>\n<td style=\"width: 30px; text-align: left; vertical-align: middle;\"><img loading=\"lazy\" decoding=\"async\" class=\"alignleft size-full wp-image-2515\" src=\"http:\/\/www.ciudadrodrigo.es\/ayuntamiento\/wp-content\/uploads\/2018\/04\/iconoDescargaPdf.png\" alt=\"iconodescargapdf\" width=\"30\" height=\"30\" \/><\/td>\n<td>\u00a0<a href=\"http:\/\/www.ciudadrodrigo.es\/ayuntamiento\/wp-content\/uploads\/2018\/06\/CALCULO-OFERTAS-ANORMALES.pdf\" target=\"_blank\">C\u00e1lculo valores anormales.<\/a><\/td>\n<\/tr>\n<tr>\n<td style=\"width: 30px; text-align: left; vertical-align: middle;\"><img loading=\"lazy\" decoding=\"async\" class=\"alignleft size-full wp-image-2515\" src=\"http:\/\/www.ciudadrodrigo.es\/ayuntamiento\/wp-content\/uploads\/2018\/04\/iconoDescargaPdf.png\" alt=\"iconodescargapdf\" width=\"30\" height=\"30\" \/><\/td>\n<td>\u00a0<a href=\"http:\/\/www.ciudadrodrigo.es\/ayuntamiento\/wp-content\/uploads\/2018\/06\/INFORME-TECNICO-LED.pdf\" target=\"_blank\">Informe T\u00e9cnico.<\/a><\/td>\n<\/tr>\n<tr>\n<td style=\"width: 30px; text-align: left; vertical-align: middle;\"><img loading=\"lazy\" decoding=\"async\" class=\"alignleft size-full wp-image-2515\" src=\"http:\/\/www.ciudadrodrigo.es\/ayuntamiento\/wp-content\/uploads\/2018\/04\/iconoDescargaPdf.png\" alt=\"iconodescargapdf\" width=\"30\" height=\"30\" \/><\/td>\n<td>\u00a0<a href=\"http:\/\/www.ciudadrodrigo.es\/ayuntamiento\/wp-content\/uploads\/2018\/06\/ANEXO-A-INFORME-TECNICO-LED.pdf\" target=\"_blank\">Anexo Informe T\u00e9cnico.<\/a><\/td>\n<\/tr>\n<tr>\n<td style=\"width: 30px; text-align: left; vertical-align: middle;\"><img loading=\"lazy\" decoding=\"async\" class=\"alignleft size-full wp-image-2515\" src=\"http:\/\/www.ciudadrodrigo.es\/ayuntamiento\/wp-content\/uploads\/2018\/04\/iconoDescargaPdf.png\" alt=\"iconodescargapdf\" width=\"30\" height=\"30\" \/><\/td>\n<td>\u00a0<a href=\"http:\/\/www.ciudadrodrigo.es\/ayuntamiento\/wp-content\/uploads\/2018\/06\/ACTA-MESA-VALORACION-Y-PROPUESTA-DE-ADJUDICACION.pdf\" target=\"_blank\">Acta Mesa valoraci\u00f3n y propuesta de adjudicaci\u00f3n.<\/a><\/td>\n<\/tr>\n<tr>\n<td style=\"width: 30px; text-align: left; vertical-align: middle;\"><img loading=\"lazy\" decoding=\"async\" class=\"alignleft size-full wp-image-2515\" src=\"http:\/\/www.ciudadrodrigo.es\/ayuntamiento\/wp-content\/uploads\/2018\/04\/iconoDescargaPdf.png\" alt=\"iconodescargapdf\" width=\"30\" height=\"30\" \/><\/td>\n<td>\u00a0<a href=\"http:\/\/www.ciudadrodrigo.es\/ayuntamiento\/wp-content\/uploads\/2018\/06\/ANUNCIO-ADJUDICACION-PERFIL-1.pdf\" target=\"_blank\">Anuncio\u00a0de adjudicaci\u00f3n.<\/a><\/td>\n<\/tr>\n<tr>\n<td style=\"width: 30px; text-align: left; vertical-align: middle;\"><img loading=\"lazy\" decoding=\"async\" class=\"alignleft size-full wp-image-2515\" src=\"http:\/\/www.ciudadrodrigo.es\/ayuntamiento\/wp-content\/uploads\/2018\/04\/iconoDescargaPdf.png\" alt=\"iconodescargapdf\" width=\"30\" height=\"30\" \/><\/td>\n<td>\u00a0<a href=\"http:\/\/www.ciudadrodrigo.es\/ayuntamiento\/wp-content\/uploads\/2018\/06\/ANUNCIO-BOP-FORMALIZACION-CONTRATO.pdf\" target=\"_blank\">Anuncio Formalizaci\u00f3n Contrato.<\/a><\/td>\n<\/tr>\n<\/tbody>\n<\/table>\n<p>&nbsp;<\/p>\n<p><span style=\"text-decoration: underline;\">CONTRATACI\u00d3N<\/span><br \/>\n<strong><em>Direcci\u00f3n:<\/em><\/strong>\u00a0Plaza Mayor, 27<br \/>\n<strong><em>E-mail:<\/em><\/strong>\u00a0contratacion@aytociudadrodrigo.es<\/p>\n","protected":false},"excerpt":{"rendered":"<p>Tr\u00e1mites y Gestiones &#8211;&gt;\u00a0Perfil del Contratante &#8211;&gt; Suministros\u00a0&#8211;&gt; Adjudicaciones \u00d3RGANO DE CONTRATACI\u00d3N: Ayuntamiento de Ciudad Rodrigo. PROCEDIMIENTO DE ADJUDICACI\u00d3N: Abierto, oferta econ\u00f3micamente m\u00e1s ventajosa, varios criterios de adjudicaci\u00f3n. PUBLICACI\u00d3N ANUNCIO BOP: 8 de febrero de 2018. PRESENTACI\u00d3N DE OFERTAS: Hasta las 14:00 horas del d\u00eda 23 de febrero de 2018. APERTURA SOBRE A: A las [&hellip;]<\/p>\n","protected":false},"author":1,"featured_media":0,"parent":0,"menu_order":0,"comment_status":"closed","ping_status":"closed","template":"","meta":{"footnotes":""},"class_list":["post-3306","page","type-page","status-publish","hentry"],"_links":{"self":[{"href":"https:\/\/www.ciudadrodrigo.es\/ayuntamiento\/wp-json\/wp\/v2\/pages\/3306","targetHints":{"allow":["GET"]}}],"collection":[{"href":"https:\/\/www.ciudadrodrigo.es\/ayuntamiento\/wp-json\/wp\/v2\/pages"}],"about":[{"href":"https:\/\/www.ciudadrodrigo.es\/ayuntamiento\/wp-json\/wp\/v2\/types\/page"}],"author":[{"embeddable":true,"href":"https:\/\/www.ciudadrodrigo.es\/ayuntamiento\/wp-json\/wp\/v2\/users\/1"}],"replies":[{"embeddable":true,"href":"https:\/\/www.ciudadrodrigo.es\/ayuntamiento\/wp-json\/wp\/v2\/comments?post=3306"}],"version-history":[{"count":8,"href":"https:\/\/www.ciudadrodrigo.es\/ayuntamiento\/wp-json\/wp\/v2\/pages\/3306\/revisions"}],"predecessor-version":[{"id":3309,"href":"https:\/\/www.ciudadrodrigo.es\/ayuntamiento\/wp-json\/wp\/v2\/pages\/3306\/revisions\/3309"}],"wp:attachment":[{"href":"https:\/\/www.ciudadrodrigo.es\/ayuntamiento\/wp-json\/wp\/v2\/media?parent=3306"}],"curies":[{"name":"wp","href":"https:\/\/api.w.org\/{rel}","templated":true}]}}