{"id":3322,"date":"2018-06-06T11:11:13","date_gmt":"2018-06-06T11:11:13","guid":{"rendered":"http:\/\/www.ciudadrodrigo.es\/ayuntamiento\/?page_id=3322"},"modified":"2018-06-06T11:52:17","modified_gmt":"2018-06-06T11:52:17","slug":"contrato-mixto-de-suministro-y-servicios-de-mejora-de-la-eficiencia-energetica-del-alumbrado-publico-del-recinto-amurallado-de-ciudad-rodrigo","status":"publish","type":"page","link":"https:\/\/www.ciudadrodrigo.es\/ayuntamiento\/contrato-mixto-de-suministro-y-servicios-de-mejora-de-la-eficiencia-energetica-del-alumbrado-publico-del-recinto-amurallado-de-ciudad-rodrigo\/","title":{"rendered":"Contrato mixto de suministro y servicios de mejora de la eficiencia energ\u00e9tica del alumbrado p\u00fablico del recinto amurallado de Ciudad Rodrigo."},"content":{"rendered":"<table style=\"height: 32px;\" width=\"734\">\n<tbody>\n<tr>\n<td style=\"width: 20px; text-align: left; vertical-align: middle;\"><img loading=\"lazy\" decoding=\"async\" class=\"alignleft size-full wp-image-2584\" src=\"http:\/\/www.ciudadrodrigo.es\/ayuntamiento\/wp-content\/uploads\/2018\/04\/icono-atras.png\" alt=\"icono-atras\" width=\"20\" height=\"12\" \/><\/td>\n<td style=\"text-align: left; vertical-align: middle;\">Tr\u00e1mites y Gestiones &#8211;&gt;\u00a0<a href=\"http:\/\/www.ciudadrodrigo.es\/ayuntamiento\/perfil-del-contratante\/\">Perfil del Contratante<\/a> &#8211;&gt; <a href=\"https:\/\/www.ciudadrodrigo.es\/ayuntamiento\/perfil-del-contratante-suministros\/\">Suministros<\/a>\u00a0&#8211;&gt; <a href=\"https:\/\/www.ciudadrodrigo.es\/ayuntamiento\/suministros-adjudicaciones\/\"><b>Adjudicaciones<\/b><\/a><\/td>\n<\/tr>\n<\/tbody>\n<\/table>\n<p><em><strong>\u00d3RGANO DE CONTRATACI\u00d3N:<\/strong><\/em> Excmo Ayuntamiento de Ciudad Rodrigo.<br \/>\n<em><strong>PROCEDIMIENTO DE ADJUDICACI\u00d3N:<\/strong> <\/em>Abierto, oferta econ\u00f3micamente m\u00e1s ventajosa.<br \/>\n<em><strong>PUBLICACI\u00d3N BOP:<\/strong><\/em> 21\/11\/2016<br \/>\n<em><strong>PRESENTACI\u00d3N DE OFERTAS:<\/strong><\/em> 15 d\u00edas naturales desde la publicaci\u00f3n en el BOP, es decir hasta las 14:00 horas del d\u00eda 7 de diciembre de 2016.<\/p>\n<p><em><strong>APERTURA SOBRE A:<\/strong><\/em> A las 13:30 hora del 12\/12\/2016<br \/>\n<em><strong>APERTURA SOBRE B:<\/strong><\/em> a lasa 13:00 horas del 14\/12\/2016<br \/>\n<em><strong>RELACI\u00d3N DE LICITADORES:<\/strong><\/em> <em>Descargar de documentos adjuntos.<br \/>\n<\/em><br \/>\n<em><strong>CLASIFICACI\u00d3N DE OFERTAS TRAS VALORACI\u00d3N:<\/strong><\/em> <em>Descargar\u00a0de documentos adjuntos.<\/em><br \/>\n<em><strong>ACTAS E INFORMES:<\/strong><\/em> <em>Descargar de documentos adjuntos<br \/>\n<\/em><em><strong>RENUNCIA DE EMPRESA PROPUESTA, RECURSO TARCYL Y NUEVA PROPUESTA DE ADJUDICACI\u00d3N:<\/strong><\/em> <em>Descargar Acta IV<\/em><\/p>\n<p><em><strong>ADJUDICACI\u00d3N:<\/strong> Descargar anuncio de documentos adjuntos.<\/em><\/p>\n<p><em><strong>FORMALIZACI\u00d3N CONTRATO:<\/strong><\/em> 16 de mayo de 2017. Publicado en BOP n\u00ba 98 de 25\/05\/2017<br \/>\n<em>(Descargar anuncio de documentos adjuntos).<\/em><\/p>\n<p>&nbsp;<\/p>\n<p><span style=\"text-decoration: underline;\"><strong>DOCUMENTOS:<\/strong><\/span><\/p>\n<table style=\"height: 96px;\" width=\"666\">\n<tbody>\n<tr>\n<td style=\"width: 30px; text-align: left; vertical-align: middle;\"><img loading=\"lazy\" decoding=\"async\" class=\"alignleft size-full wp-image-2515\" src=\"http:\/\/www.ciudadrodrigo.es\/ayuntamiento\/wp-content\/uploads\/2018\/04\/iconoDescargaPdf.png\" alt=\"iconodescargapdf\" width=\"30\" height=\"30\" \/><\/td>\n<td>\u00a0<a href=\"http:\/\/www.ciudadrodrigo.es\/ayuntamiento\/wp-content\/uploads\/2018\/06\/Pliego-de-condiciones-administrativas.pdf\" target=\"_blank\">Pliego de condiciones administrativas<\/a>.<\/td>\n<\/tr>\n<tr>\n<td style=\"width: 30px; text-align: left; vertical-align: middle;\"><img loading=\"lazy\" decoding=\"async\" class=\"alignleft size-full wp-image-2515\" src=\"http:\/\/www.ciudadrodrigo.es\/ayuntamiento\/wp-content\/uploads\/2018\/04\/iconoDescargaPdf.png\" alt=\"iconodescargapdf\" width=\"30\" height=\"30\" \/><\/td>\n<td>\u00a0<a href=\"http:\/\/www.ciudadrodrigo.es\/ayuntamiento\/wp-content\/uploads\/2018\/06\/PROYECTO-DE-MEJORA-DE-LA-EFICIENCIA-ENERGETICA-DEL-RECIN.pdf\" target=\"_blank\">Proyecto.<\/a><\/td>\n<\/tr>\n<tr>\n<td style=\"width: 30px; text-align: left; vertical-align: middle;\"><img loading=\"lazy\" decoding=\"async\" class=\"alignleft size-full wp-image-2515\" src=\"http:\/\/www.ciudadrodrigo.es\/ayuntamiento\/wp-content\/uploads\/2018\/04\/iconoDescargaPdf.png\" alt=\"iconodescargapdf\" width=\"30\" height=\"30\" \/><\/td>\n<td>\u00a0<a href=\"http:\/\/www.ciudadrodrigo.es\/ayuntamiento\/wp-content\/uploads\/2018\/06\/RELACION-DE-LICITADORES-1.pdf\" target=\"_blank\">Relaci\u00f3n de licitadores.<\/a><\/td>\n<\/tr>\n<tr>\n<td style=\"width: 30px; text-align: left; vertical-align: middle;\"><img loading=\"lazy\" decoding=\"async\" class=\"alignleft size-full wp-image-2515\" src=\"http:\/\/www.ciudadrodrigo.es\/ayuntamiento\/wp-content\/uploads\/2018\/04\/iconoDescargaPdf.png\" alt=\"iconodescargapdf\" width=\"30\" height=\"30\" \/><\/td>\n<td>\u00a0<a href=\"http:\/\/www.ciudadrodrigo.es\/ayuntamiento\/wp-content\/uploads\/2018\/06\/Relacion-de-ofertas-economicas.pdf\" target=\"_blank\">Relaci\u00f3n de ofertas econ\u00f3micas.<\/a><\/td>\n<\/tr>\n<tr>\n<td style=\"width: 30px; text-align: left; vertical-align: middle;\"><img loading=\"lazy\" decoding=\"async\" class=\"alignleft size-full wp-image-2515\" src=\"http:\/\/www.ciudadrodrigo.es\/ayuntamiento\/wp-content\/uploads\/2018\/04\/iconoDescargaPdf.png\" alt=\"iconodescargapdf\" width=\"30\" height=\"30\" \/><\/td>\n<td>\u00a0<a href=\"http:\/\/www.ciudadrodrigo.es\/ayuntamiento\/wp-content\/uploads\/2018\/06\/Clasificacion-de-ofertas-tras-valoracion.pdf\" target=\"_blank\">Clasificaci\u00f3n de ofertas tras valoraci\u00f3n.<\/a><\/td>\n<\/tr>\n<tr>\n<td style=\"width: 30px; text-align: left; vertical-align: middle;\"><img loading=\"lazy\" decoding=\"async\" class=\"alignleft size-full wp-image-2515\" src=\"http:\/\/www.ciudadrodrigo.es\/ayuntamiento\/wp-content\/uploads\/2018\/04\/iconoDescargaPdf.png\" alt=\"iconodescargapdf\" width=\"30\" height=\"30\" \/><\/td>\n<td>\u00a0<a href=\"http:\/\/www.ciudadrodrigo.es\/ayuntamiento\/wp-content\/uploads\/2018\/06\/Actas-e-informes.pdf\" target=\"_blank\">Actas e Informes.<\/a><\/td>\n<\/tr>\n<tr>\n<td style=\"width: 30px; text-align: left; vertical-align: middle;\"><img loading=\"lazy\" decoding=\"async\" class=\"alignleft size-full wp-image-2515\" src=\"http:\/\/www.ciudadrodrigo.es\/ayuntamiento\/wp-content\/uploads\/2018\/04\/iconoDescargaPdf.png\" alt=\"iconodescargapdf\" width=\"30\" height=\"30\" \/><\/td>\n<td>\u00a0<a href=\"http:\/\/www.ciudadrodrigo.es\/ayuntamiento\/wp-content\/uploads\/2018\/06\/ACTA-IV-de-la-mesa-de-contratacion.pdf\" target=\"_blank\">Acta IV de la mesa de contrataci\u00f3n.<\/a><\/td>\n<\/tr>\n<tr>\n<td style=\"width: 30px; text-align: left; vertical-align: middle;\"><img loading=\"lazy\" decoding=\"async\" class=\"alignleft size-full wp-image-2515\" src=\"http:\/\/www.ciudadrodrigo.es\/ayuntamiento\/wp-content\/uploads\/2018\/04\/iconoDescargaPdf.png\" alt=\"iconodescargapdf\" width=\"30\" height=\"30\" \/><\/td>\n<td>\u00a0<a href=\"http:\/\/www.ciudadrodrigo.es\/ayuntamiento\/wp-content\/uploads\/2018\/06\/Anuncio-de-adjudicacion.pdf\" target=\"_blank\">Anuncio de adjudicaci\u00f3n.<\/a><\/td>\n<\/tr>\n<tr>\n<td style=\"width: 30px; text-align: left; vertical-align: middle;\"><img loading=\"lazy\" decoding=\"async\" class=\"alignleft size-full wp-image-2515\" src=\"http:\/\/www.ciudadrodrigo.es\/ayuntamiento\/wp-content\/uploads\/2018\/04\/iconoDescargaPdf.png\" alt=\"iconodescargapdf\" width=\"30\" height=\"30\" \/><\/td>\n<td>\u00a0<a href=\"http:\/\/www.ciudadrodrigo.es\/ayuntamiento\/wp-content\/uploads\/2018\/06\/anuncio-de-formalizacion-de-contrato.pdf\" target=\"_blank\">Anuncio de formalizaci\u00f3n de contrato.<\/a><\/td>\n<\/tr>\n<\/tbody>\n<\/table>\n<p>&nbsp;<\/p>\n<p><span style=\"text-decoration: underline;\">CONTRATACI\u00d3N<\/span><br \/>\n<strong><em>Direcci\u00f3n:<\/em><\/strong>\u00a0Plaza Mayor, 27<br \/>\n<strong><em>E-mail:<\/em><\/strong>\u00a0contratacion@aytociudadrodrigo.es<\/p>\n","protected":false},"excerpt":{"rendered":"<p>Tr\u00e1mites y Gestiones &#8211;&gt;\u00a0Perfil del Contratante &#8211;&gt; Suministros\u00a0&#8211;&gt; Adjudicaciones \u00d3RGANO DE CONTRATACI\u00d3N: Excmo Ayuntamiento de Ciudad Rodrigo. PROCEDIMIENTO DE ADJUDICACI\u00d3N: Abierto, oferta econ\u00f3micamente m\u00e1s ventajosa. PUBLICACI\u00d3N BOP: 21\/11\/2016 PRESENTACI\u00d3N DE OFERTAS: 15 d\u00edas naturales desde la publicaci\u00f3n en el BOP, es decir hasta las 14:00 horas del d\u00eda 7 de diciembre de 2016. APERTURA SOBRE [&hellip;]<\/p>\n","protected":false},"author":1,"featured_media":0,"parent":0,"menu_order":0,"comment_status":"closed","ping_status":"closed","template":"","meta":{"footnotes":""},"class_list":["post-3322","page","type-page","status-publish","hentry"],"_links":{"self":[{"href":"https:\/\/www.ciudadrodrigo.es\/ayuntamiento\/wp-json\/wp\/v2\/pages\/3322","targetHints":{"allow":["GET"]}}],"collection":[{"href":"https:\/\/www.ciudadrodrigo.es\/ayuntamiento\/wp-json\/wp\/v2\/pages"}],"about":[{"href":"https:\/\/www.ciudadrodrigo.es\/ayuntamiento\/wp-json\/wp\/v2\/types\/page"}],"author":[{"embeddable":true,"href":"https:\/\/www.ciudadrodrigo.es\/ayuntamiento\/wp-json\/wp\/v2\/users\/1"}],"replies":[{"embeddable":true,"href":"https:\/\/www.ciudadrodrigo.es\/ayuntamiento\/wp-json\/wp\/v2\/comments?post=3322"}],"version-history":[{"count":5,"href":"https:\/\/www.ciudadrodrigo.es\/ayuntamiento\/wp-json\/wp\/v2\/pages\/3322\/revisions"}],"predecessor-version":[{"id":3337,"href":"https:\/\/www.ciudadrodrigo.es\/ayuntamiento\/wp-json\/wp\/v2\/pages\/3322\/revisions\/3337"}],"wp:attachment":[{"href":"https:\/\/www.ciudadrodrigo.es\/ayuntamiento\/wp-json\/wp\/v2\/media?parent=3322"}],"curies":[{"name":"wp","href":"https:\/\/api.w.org\/{rel}","templated":true}]}}