{"id":3364,"date":"2018-06-07T11:22:14","date_gmt":"2018-06-07T11:22:14","guid":{"rendered":"http:\/\/www.ciudadrodrigo.es\/ayuntamiento\/?page_id=3364"},"modified":"2023-10-23T09:46:36","modified_gmt":"2023-10-23T07:46:36","slug":"oficinas-de-turismo","status":"publish","type":"page","link":"https:\/\/www.ciudadrodrigo.es\/ayuntamiento\/oficinas-de-turismo\/","title":{"rendered":"Oficina de turismo"},"content":{"rendered":"<p><em><strong>Oficina Municipal de Turismo de Ciudad Rodrigo (Ayuntamiento):<\/strong><\/em><br \/>\nDirecci\u00f3n: Plaza Mayor, 27<br \/>\nC\u00f3digo Postal: 37500<br \/>\nProvincia: Salamanca<br \/>\nHorario de atenci\u00f3n al p\u00fablico:<br \/>\n* De lunes a s\u00e1bado, de 09,30 a 14,00 horas y de 16,00 a 19,00 horas.<br \/>\n* Domingo, de 09,30 a 14,00 horas.<\/p>\n<p>Tel\u00e9fono: 923 49 84 00<br \/>\nM\u00f3vil: 664 34 65 80<br \/>\nEmail: <a href=\"mailto:ofiturismo@aytociudadrodrigo.es\" target=\"_blank\" rel=\"noopener noreferrer\">ofiturismo@aytociudadrodrigo.es<\/a><\/p>\n<p style=\"text-align: right;\"><a href=\"https:\/\/www.ciudadrodrigo.es\/ayuntamiento\/directorio\/\">Volver al directorio<\/a><\/p>\n","protected":false},"excerpt":{"rendered":"<p>Oficina Municipal de Turismo de Ciudad Rodrigo (Ayuntamiento): Direcci\u00f3n: Plaza Mayor, 27 C\u00f3digo Postal: 37500 Provincia: Salamanca Horario de atenci\u00f3n al p\u00fablico: * De lunes a s\u00e1bado, de 09,30 a 14,00 horas y de 16,00 a 19,00 horas. * Domingo, de 09,30 a 14,00 horas. Tel\u00e9fono: 923 49 84 00 M\u00f3vil: 664 34 65 80 [&hellip;]<\/p>\n","protected":false},"author":1,"featured_media":0,"parent":0,"menu_order":0,"comment_status":"closed","ping_status":"closed","template":"","meta":{"footnotes":""},"class_list":["post-3364","page","type-page","status-publish","hentry"],"_links":{"self":[{"href":"https:\/\/www.ciudadrodrigo.es\/ayuntamiento\/wp-json\/wp\/v2\/pages\/3364","targetHints":{"allow":["GET"]}}],"collection":[{"href":"https:\/\/www.ciudadrodrigo.es\/ayuntamiento\/wp-json\/wp\/v2\/pages"}],"about":[{"href":"https:\/\/www.ciudadrodrigo.es\/ayuntamiento\/wp-json\/wp\/v2\/types\/page"}],"author":[{"embeddable":true,"href":"https:\/\/www.ciudadrodrigo.es\/ayuntamiento\/wp-json\/wp\/v2\/users\/1"}],"replies":[{"embeddable":true,"href":"https:\/\/www.ciudadrodrigo.es\/ayuntamiento\/wp-json\/wp\/v2\/comments?post=3364"}],"version-history":[{"count":11,"href":"https:\/\/www.ciudadrodrigo.es\/ayuntamiento\/wp-json\/wp\/v2\/pages\/3364\/revisions"}],"predecessor-version":[{"id":15817,"href":"https:\/\/www.ciudadrodrigo.es\/ayuntamiento\/wp-json\/wp\/v2\/pages\/3364\/revisions\/15817"}],"wp:attachment":[{"href":"https:\/\/www.ciudadrodrigo.es\/ayuntamiento\/wp-json\/wp\/v2\/media?parent=3364"}],"curies":[{"name":"wp","href":"https:\/\/api.w.org\/{rel}","templated":true}]}}