{"id":3368,"date":"2018-06-07T11:25:09","date_gmt":"2018-06-07T11:25:09","guid":{"rendered":"http:\/\/www.ciudadrodrigo.es\/ayuntamiento\/?page_id=3368"},"modified":"2019-05-13T09:25:34","modified_gmt":"2019-05-13T09:25:34","slug":"centros-educativos","status":"publish","type":"page","link":"https:\/\/www.ciudadrodrigo.es\/ayuntamiento\/centros-educativos\/","title":{"rendered":"Centros educativos"},"content":{"rendered":"<p style=\"text-align: center;\">\n<p style=\"text-align: center;\"><strong>Aqu\u00ed puede encontrar los Centros Educativos de los que dispone Ciudad Rodrigo: Colegios, institutos\u2026 Encontrar\u00e1 toda la informaci\u00f3n de contacto (Tel\u00e9fono, direcci\u00f3n, email\u2026) \u2013 IES Tierra, IES Fray Diego Tadeo, Misioneras de la Providencia\u2026<\/strong><\/p>\n<p><strong><em>IES Tierra de Ciudad Rodrigo:<\/em><\/strong><br \/>\nEstudios impartidos:\u00a0ESO, Bachillerato LOGSE. (diurno), ADMINISTRACI\u00d3N, MADERA Y MUEBLE, Programas de Cualificaci\u00f3n Profesional Inicial.<br \/>\nDirecci\u00f3n: Avda. B\u00e9jar, 10-36<br \/>\nTel\u00e9fono: 923 49 80 41<br \/>\nEmail: <a href=\"mailto:37002197@educa.jcyl.es\" target=\"_blank\">37002197@educa.jcyl.es<\/a><\/p>\n<p><em><strong>IES Fray Diego Tadeo Gonz\u00e1lez:<\/strong><\/em><br \/>\nEstudios impartidos: ESO., Bachillerato LOGSE (diurno)<br \/>\nDirecci\u00f3n: P\u00ba de las Carmelitas 27-51<br \/>\nTel\u00e9fono: 923 48 06 55<br \/>\nEmail: <a href=\"mailto:37002227@educa.jcyl.es\" target=\"_blank\">37002227@educa.jcyl.es<\/a><\/p>\n<p><em><strong>CC Misioneras de la Providencia &#8211; Santa Teresa de Ciudad Rodrigo:<\/strong><\/em><br \/>\nEstudios impartidos:\u00a0Educaci\u00f3n Infantil Segundo Ciclo, E. Primaria, ESO.<br \/>\nDirecci\u00f3n: Avda. Agust\u00edn De Fox\u00e1, 22-24<br \/>\nTel\u00e9fono: 923 46 05 51<br \/>\nDirecci\u00f3n: Calle Velayos, 5<br \/>\nTel\u00e9fono: 923 48 12 11<br \/>\nEmail: <a href=\"mailto:info@colegioprovidencia.es\" target=\"_blank\">info@colegioprovidencia.es<\/a><\/p>\n<p><em><strong>CEIP Arrabal El Puente:<\/strong><\/em><br \/>\nEstudios impartidos: Educaci\u00f3n Infantil, Segundo Ciclo, E. Primaria.<br \/>\nDirecci\u00f3n: Calle Eras del Puente.<br \/>\n<span style=\"color: #0000ff;\">www.ceiparrabaldelpuente.centros.educa.jcyl.es<br \/>\n<\/span>E-Mail: <span style=\"color: #0000ff;\">37002082@educa.jcyl.es<\/span><\/p>\n<p><em><strong>CEIP Mir\u00f3briga:<\/strong><\/em><br \/>\nEstudios impartidos:\u00a0Educaci\u00f3n Infantil Segundo Ciclo, E. Primaria.<br \/>\nDirecci\u00f3n: Paseo Carmelitas, 24<br \/>\n<span style=\"color: #0000ff;\">www.ceipmirobriga.centros.educa.jcyl.es<br \/>\n<\/span>Email:\u00a0<a href=\"mailto:37008761@educa.jcyl.es\" target=\"_blank\">37008761@educa.jcyl.es<\/a><\/p>\n<p><em><strong>CEIP San Francisco:<\/strong><\/em><br \/>\nEstudios impartidos:\u00a0Educaci\u00f3n Infantil Segundo Ciclo, E. Primaria, Educaci\u00f3n Especial.<br \/>\nDirecci\u00f3n: Calle Escuelas, 12-20<br \/>\nTel\u00e9fono: 923 46 09 25<br \/>\nEmail: <a href=\"mailto:37002112@educa.jcyl.es\" target=\"_blank\">37002112@educa.jcyl.es<\/a><\/p>\n<p><strong>Seminario Diocesano San Cayetano<br \/>\n<\/strong>Estudios impartidos: Educaci\u00f3n Primaria y Secundaria Obligatoria y Bachillerato (Humanidades y Ciencias Sociales)<br \/>\nDirecci\u00f3n:\u00a0Plaza Herrasti, 1<br \/>\nTel\u00e9fono:\u00a0923 46 01 08<br \/>\n<span style=\"color: #0000ff;\">www.http:\/\/elseminario.net<\/span><\/p>\n<p>&nbsp;<\/p>\n<p style=\"text-align: right;\"><a href=\"https:\/\/www.ciudadrodrigo.es\/ayuntamiento\/directorio\/\">Volver al directorio<\/a><\/p>\n","protected":false},"excerpt":{"rendered":"<p>Aqu\u00ed puede encontrar los Centros Educativos de los que dispone Ciudad Rodrigo: Colegios, institutos\u2026 Encontrar\u00e1 toda la informaci\u00f3n de contacto (Tel\u00e9fono, direcci\u00f3n, email\u2026) \u2013 IES Tierra, IES Fray Diego Tadeo, Misioneras de la Providencia\u2026 IES Tierra de Ciudad Rodrigo: Estudios impartidos:\u00a0ESO, Bachillerato LOGSE. (diurno), ADMINISTRACI\u00d3N, MADERA Y MUEBLE, Programas de Cualificaci\u00f3n Profesional Inicial. Direcci\u00f3n: Avda. [&hellip;]<\/p>\n","protected":false},"author":1,"featured_media":0,"parent":0,"menu_order":0,"comment_status":"closed","ping_status":"closed","template":"","meta":{"footnotes":""},"class_list":["post-3368","page","type-page","status-publish","hentry"],"_links":{"self":[{"href":"https:\/\/www.ciudadrodrigo.es\/ayuntamiento\/wp-json\/wp\/v2\/pages\/3368","targetHints":{"allow":["GET"]}}],"collection":[{"href":"https:\/\/www.ciudadrodrigo.es\/ayuntamiento\/wp-json\/wp\/v2\/pages"}],"about":[{"href":"https:\/\/www.ciudadrodrigo.es\/ayuntamiento\/wp-json\/wp\/v2\/types\/page"}],"author":[{"embeddable":true,"href":"https:\/\/www.ciudadrodrigo.es\/ayuntamiento\/wp-json\/wp\/v2\/users\/1"}],"replies":[{"embeddable":true,"href":"https:\/\/www.ciudadrodrigo.es\/ayuntamiento\/wp-json\/wp\/v2\/comments?post=3368"}],"version-history":[{"count":9,"href":"https:\/\/www.ciudadrodrigo.es\/ayuntamiento\/wp-json\/wp\/v2\/pages\/3368\/revisions"}],"predecessor-version":[{"id":5961,"href":"https:\/\/www.ciudadrodrigo.es\/ayuntamiento\/wp-json\/wp\/v2\/pages\/3368\/revisions\/5961"}],"wp:attachment":[{"href":"https:\/\/www.ciudadrodrigo.es\/ayuntamiento\/wp-json\/wp\/v2\/media?parent=3368"}],"curies":[{"name":"wp","href":"https:\/\/api.w.org\/{rel}","templated":true}]}}