{"id":3370,"date":"2018-06-07T11:26:05","date_gmt":"2018-06-07T11:26:05","guid":{"rendered":"http:\/\/www.ciudadrodrigo.es\/ayuntamiento\/?page_id=3370"},"modified":"2021-05-19T12:58:20","modified_gmt":"2021-05-19T10:58:20","slug":"seguridad","status":"publish","type":"page","link":"https:\/\/www.ciudadrodrigo.es\/ayuntamiento\/seguridad\/","title":{"rendered":"Seguridad"},"content":{"rendered":"<p style=\"text-align: center;\"><strong>Aqu\u00ed puede encontrar los servicios de seguridad que ofrece Ciudad Rodrigo (Direcci\u00f3n, tel\u00e9fono, tel\u00e9fono de emergencias, fax\u2026), tales como la Polic\u00eda Local, Guardia Civil, o los Bomberos Voluntarios\u2026<\/strong><\/p>\n<p><em><strong>Polic\u00eda Local:<\/strong><\/em><br \/>\nDirecci\u00f3n: Calle Santa Clara, 3<br \/>\nTel\u00e9fono: 923 46 04 68<\/p>\n<p><strong><em>Guardia Civil:<\/em><\/strong><br \/>\nDirecci\u00f3n: C\/Cardenal Tavera, 1<br \/>\nTel\u00e9fono: 923 49 80 56<\/p>\n<p><em><strong>Bomberos Voluntarios:<\/strong><\/em><br \/>\nTel\u00e9fono: 923 46 00 80 (S\u00f3lo emergencias)<br \/>\nTel\u00e9fono (2): 923 46 22 21 (Tel\u00e9fono y Fax)<\/p>\n<p style=\"text-align: right;\"><a href=\"https:\/\/www.ciudadrodrigo.es\/ayuntamiento\/directorio\/\">Volver al directorio<\/a><\/p>\n","protected":false},"excerpt":{"rendered":"<p>Aqu\u00ed puede encontrar los servicios de seguridad que ofrece Ciudad Rodrigo (Direcci\u00f3n, tel\u00e9fono, tel\u00e9fono de emergencias, fax\u2026), tales como la Polic\u00eda Local, Guardia Civil, o los Bomberos Voluntarios\u2026 Polic\u00eda Local: Direcci\u00f3n: Calle Santa Clara, 3 Tel\u00e9fono: 923 46 04 68 Guardia Civil: Direcci\u00f3n: C\/Cardenal Tavera, 1 Tel\u00e9fono: 923 49 80 56 Bomberos Voluntarios: Tel\u00e9fono: 923 [&hellip;]<\/p>\n","protected":false},"author":1,"featured_media":0,"parent":0,"menu_order":0,"comment_status":"closed","ping_status":"closed","template":"","meta":{"footnotes":""},"class_list":["post-3370","page","type-page","status-publish","hentry"],"_links":{"self":[{"href":"https:\/\/www.ciudadrodrigo.es\/ayuntamiento\/wp-json\/wp\/v2\/pages\/3370","targetHints":{"allow":["GET"]}}],"collection":[{"href":"https:\/\/www.ciudadrodrigo.es\/ayuntamiento\/wp-json\/wp\/v2\/pages"}],"about":[{"href":"https:\/\/www.ciudadrodrigo.es\/ayuntamiento\/wp-json\/wp\/v2\/types\/page"}],"author":[{"embeddable":true,"href":"https:\/\/www.ciudadrodrigo.es\/ayuntamiento\/wp-json\/wp\/v2\/users\/1"}],"replies":[{"embeddable":true,"href":"https:\/\/www.ciudadrodrigo.es\/ayuntamiento\/wp-json\/wp\/v2\/comments?post=3370"}],"version-history":[{"count":4,"href":"https:\/\/www.ciudadrodrigo.es\/ayuntamiento\/wp-json\/wp\/v2\/pages\/3370\/revisions"}],"predecessor-version":[{"id":10783,"href":"https:\/\/www.ciudadrodrigo.es\/ayuntamiento\/wp-json\/wp\/v2\/pages\/3370\/revisions\/10783"}],"wp:attachment":[{"href":"https:\/\/www.ciudadrodrigo.es\/ayuntamiento\/wp-json\/wp\/v2\/media?parent=3370"}],"curies":[{"name":"wp","href":"https:\/\/api.w.org\/{rel}","templated":true}]}}