{"id":39,"date":"2017-02-05T17:40:07","date_gmt":"2017-02-05T17:40:07","guid":{"rendered":"http:\/\/www.ciudadrodrigo.es\/ayuntamiento\/?page_id=39"},"modified":"2017-05-03T11:50:41","modified_gmt":"2017-05-03T11:50:41","slug":"area-de-medioambiente-y-sostenibilidad","status":"publish","type":"page","link":"https:\/\/www.ciudadrodrigo.es\/ayuntamiento\/area-de-medioambiente-y-sostenibilidad\/","title":{"rendered":"\u00c1rea de Medioambiente y Sostenibilidad"},"content":{"rendered":"<p>Limpieza y Residuos s\u00f3lidos urbanos &#8211; Informaci\u00f3n general<\/p>\n<p><img loading=\"lazy\" decoding=\"async\" class=\"alignleft size-medium wp-image-2281\" src=\"http:\/\/www.ciudadrodrigo.es\/ayuntamiento\/wp-content\/uploads\/2017\/05\/Informacion_general_limpieza-223x300.jpg\" alt=\"informacion_general_limpieza\" width=\"223\" height=\"300\" srcset=\"https:\/\/www.ciudadrodrigo.es\/ayuntamiento\/wp-content\/uploads\/2017\/05\/Informacion_general_limpieza-223x300.jpg 223w, https:\/\/www.ciudadrodrigo.es\/ayuntamiento\/wp-content\/uploads\/2017\/05\/Informacion_general_limpieza.jpg 400w\" sizes=\"auto, (max-width: 223px) 100vw, 223px\" \/><\/p>\n<p>&nbsp;<\/p>\n<p>&nbsp;<\/p>\n<p>&nbsp;<\/p>\n<p>&nbsp;<\/p>\n<p>&nbsp;<\/p>\n<p>&nbsp;<\/p>\n<p>&nbsp;<\/p>\n<p>&nbsp;<\/p>\n<div class=\"nombre\"><strong>Urbaser S.A.<\/strong><\/div>\n<dl>\n<dt><strong>Direcci\u00f3n<\/strong><\/dt>\n<dd>Casas de Mart\u00edn B\u00e1ez, 54<\/dd>\n<dt><strong>Tel\u00e9fono<\/strong><\/dt>\n<dd>660 35 99 90<\/dd>\n<\/dl>\n","protected":false},"excerpt":{"rendered":"<p>Limpieza y Residuos s\u00f3lidos urbanos &#8211; Informaci\u00f3n general &nbsp; &nbsp; &nbsp; &nbsp; &nbsp; &nbsp; &nbsp; &nbsp; Urbaser S.A. Direcci\u00f3n Casas de Mart\u00edn B\u00e1ez, 54 Tel\u00e9fono 660 35 99 90<\/p>\n","protected":false},"author":1,"featured_media":0,"parent":0,"menu_order":0,"comment_status":"closed","ping_status":"closed","template":"","meta":{"footnotes":""},"class_list":["post-39","page","type-page","status-publish","hentry"],"_links":{"self":[{"href":"https:\/\/www.ciudadrodrigo.es\/ayuntamiento\/wp-json\/wp\/v2\/pages\/39","targetHints":{"allow":["GET"]}}],"collection":[{"href":"https:\/\/www.ciudadrodrigo.es\/ayuntamiento\/wp-json\/wp\/v2\/pages"}],"about":[{"href":"https:\/\/www.ciudadrodrigo.es\/ayuntamiento\/wp-json\/wp\/v2\/types\/page"}],"author":[{"embeddable":true,"href":"https:\/\/www.ciudadrodrigo.es\/ayuntamiento\/wp-json\/wp\/v2\/users\/1"}],"replies":[{"embeddable":true,"href":"https:\/\/www.ciudadrodrigo.es\/ayuntamiento\/wp-json\/wp\/v2\/comments?post=39"}],"version-history":[{"count":2,"href":"https:\/\/www.ciudadrodrigo.es\/ayuntamiento\/wp-json\/wp\/v2\/pages\/39\/revisions"}],"predecessor-version":[{"id":2282,"href":"https:\/\/www.ciudadrodrigo.es\/ayuntamiento\/wp-json\/wp\/v2\/pages\/39\/revisions\/2282"}],"wp:attachment":[{"href":"https:\/\/www.ciudadrodrigo.es\/ayuntamiento\/wp-json\/wp\/v2\/media?parent=39"}],"curies":[{"name":"wp","href":"https:\/\/api.w.org\/{rel}","templated":true}]}}