{"id":6,"date":"2017-02-05T15:47:29","date_gmt":"2017-02-05T15:47:29","guid":{"rendered":"http:\/\/www.ciudadrodrigo.es\/ayuntamiento\/?page_id=6"},"modified":"2019-06-19T11:35:55","modified_gmt":"2019-06-19T11:35:55","slug":"saludo-del-alcalde-2015-2019","status":"publish","type":"page","link":"https:\/\/www.ciudadrodrigo.es\/ayuntamiento\/saludo-del-alcalde-2015-2019\/","title":{"rendered":"Saludo del Alcalde (2015-2019)"},"content":{"rendered":"<p><img loading=\"lazy\" decoding=\"async\" class=\"aligncenter size-medium wp-image-9\" src=\"http:\/\/www.ciudadrodrigo.es\/ayuntamiento\/wp-content\/uploads\/2017\/02\/alcjuantomas-2-214x300.jpg\" alt=\"alcjuantomas\" width=\"214\" height=\"300\" srcset=\"https:\/\/www.ciudadrodrigo.es\/ayuntamiento\/wp-content\/uploads\/2017\/02\/alcjuantomas-2-214x300.jpg 214w, https:\/\/www.ciudadrodrigo.es\/ayuntamiento\/wp-content\/uploads\/2017\/02\/alcjuantomas-2-729x1024.jpg 729w, https:\/\/www.ciudadrodrigo.es\/ayuntamiento\/wp-content\/uploads\/2017\/02\/alcjuantomas-2-768x1079.jpg 768w, https:\/\/www.ciudadrodrigo.es\/ayuntamiento\/wp-content\/uploads\/2017\/02\/alcjuantomas-2-800x1124.jpg 800w, https:\/\/www.ciudadrodrigo.es\/ayuntamiento\/wp-content\/uploads\/2017\/02\/alcjuantomas-2-650x913.jpg 650w, https:\/\/www.ciudadrodrigo.es\/ayuntamiento\/wp-content\/uploads\/2017\/02\/alcjuantomas-2-440x618.jpg 440w, https:\/\/www.ciudadrodrigo.es\/ayuntamiento\/wp-content\/uploads\/2017\/02\/alcjuantomas-2.jpg 820w\" sizes=\"auto, (max-width: 214px) 100vw, 214px\" \/><\/p>\n<p style=\"text-align: justify;\">La informaci\u00f3n y la transparencia son dos conceptos b\u00e1sicos que definen la gesti\u00f3n municipal en cualquiera de sus facetas, siempre puestas al servicio de la ciudadan\u00eda. Esta web pretende ofrecer la imprescindible informaci\u00f3n para conocer el pasado y el presente de esta ciudad como base de un futuro que, entre todos, iremos encarando. Al mismo tiempo, permitir\u00e1 en su momento a cualquier ciudadano acceder a las distintas \u00e1reas del quehacer municipal y a toda aquella documentaci\u00f3n que pueda resultarle interesante.<\/p>\n<p style=\"text-align: justify;\">Como alcalde de Ciudad Rodrigo, te invito a que te adentres en esta p\u00e1gina, a que consultes aquellos datos que sobre nuestra gesti\u00f3n iremos progresivamente incorporando en un ejercicio comprometido de transparencia, algo imprescindible en estos tiempos. Y, asimismo, te invitamos a que participes, a que nos hagas llegar tus sugerencias, a que colabores en una din\u00e1mica participativa que estamos poniendo en marcha.<\/p>\n<p style=\"text-align: justify;\">Espero que aquella informaci\u00f3n que busques la encuentres en esta web o en su extensi\u00f3n en el portal de la transparencia que estamos poniendo en marcha.<\/p>\n<p style=\"text-align: justify;\">Juan Tom\u00e1s Mu\u00f1oz Garz\u00f3n<\/p>\n<p style=\"text-align: justify;\">Alcalde de Ciudad Rodrigo 2015-2019<\/p>\n","protected":false},"excerpt":{"rendered":"<p>La informaci\u00f3n y la transparencia son dos conceptos b\u00e1sicos que definen la gesti\u00f3n municipal en cualquiera de sus facetas, siempre puestas al servicio de la ciudadan\u00eda. Esta web pretende ofrecer la imprescindible informaci\u00f3n para conocer el pasado y el presente de esta ciudad como base de un futuro que, entre todos, iremos encarando. Al mismo [&hellip;]<\/p>\n","protected":false},"author":1,"featured_media":0,"parent":0,"menu_order":0,"comment_status":"closed","ping_status":"closed","template":"","meta":{"footnotes":""},"class_list":["post-6","page","type-page","status-publish","hentry"],"_links":{"self":[{"href":"https:\/\/www.ciudadrodrigo.es\/ayuntamiento\/wp-json\/wp\/v2\/pages\/6","targetHints":{"allow":["GET"]}}],"collection":[{"href":"https:\/\/www.ciudadrodrigo.es\/ayuntamiento\/wp-json\/wp\/v2\/pages"}],"about":[{"href":"https:\/\/www.ciudadrodrigo.es\/ayuntamiento\/wp-json\/wp\/v2\/types\/page"}],"author":[{"embeddable":true,"href":"https:\/\/www.ciudadrodrigo.es\/ayuntamiento\/wp-json\/wp\/v2\/users\/1"}],"replies":[{"embeddable":true,"href":"https:\/\/www.ciudadrodrigo.es\/ayuntamiento\/wp-json\/wp\/v2\/comments?post=6"}],"version-history":[{"count":7,"href":"https:\/\/www.ciudadrodrigo.es\/ayuntamiento\/wp-json\/wp\/v2\/pages\/6\/revisions"}],"predecessor-version":[{"id":6444,"href":"https:\/\/www.ciudadrodrigo.es\/ayuntamiento\/wp-json\/wp\/v2\/pages\/6\/revisions\/6444"}],"wp:attachment":[{"href":"https:\/\/www.ciudadrodrigo.es\/ayuntamiento\/wp-json\/wp\/v2\/media?parent=6"}],"curies":[{"name":"wp","href":"https:\/\/api.w.org\/{rel}","templated":true}]}}