{"id":6484,"date":"2019-06-19T12:32:30","date_gmt":"2019-06-19T12:32:30","guid":{"rendered":"https:\/\/www.ciudadrodrigo.es\/ayuntamiento\/?page_id=6484"},"modified":"2019-06-24T11:36:10","modified_gmt":"2019-06-24T11:36:10","slug":"saludo-del-alcalde-2019-2023","status":"publish","type":"page","link":"https:\/\/www.ciudadrodrigo.es\/ayuntamiento\/saludo-del-alcalde-2019-2023\/","title":{"rendered":"Saludo del Alcalde"},"content":{"rendered":"<p style=\"text-align: center;\"><img loading=\"lazy\" decoding=\"async\" class=\"aligncenter size-full wp-image-2976\" src=\"https:\/\/www.ciudadrodrigo.es\/ayuntamiento\/wp-content\/uploads\/2019\/06\/Marcos-Iglesias-Caridad-2019.jpg\" alt=\"marcos-iglesias-caridad\" width=\"214\" height=\"284\" \/><\/p>\n<p>Los nuevos tiempos de la vida pol\u00edtica y administrativa demandan cercan\u00eda, transparencia y agilidad en la resoluci\u00f3n de las inquietudes ciudadanas.<\/p>\n<p>Como Alcalde de Ciudad Rodrigo quiero darte la bienvenida a esta web, esperando que encuentres la informaci\u00f3n que precisas.<\/p>\n<p>Ciudad Rodrigo es una ciudad preciosa y \u00fanica, por lo que te animo a que la conozcas en todos sus \u00e1mbitos y perspectivas y a que tomes conocimiento de la gesti\u00f3n municipal, que es la del d\u00eda a d\u00eda de la ciudadan\u00eda, y por ello, la m\u00e1s cercana.<\/p>\n<p>En la actual p\u00e1gina web puedes encontrar informaci\u00f3n variopinta: el perfil del contratante, la actualidad municipal o la sede electr\u00f3nica&#8230;<\/p>\n<p>El Ciudad Rodrigo de hoy es el resultado del esfuerzo de otras generaciones. El Ciudad Rodrigo del ma\u00f1ana tenemos que construirlo entre todos, por eso te animo a que realices tus aportaciones. Muchas gracias.<\/p>\n<p>Recibe un saludo afectuoso<\/p>\n<p style=\"text-align: justify;\">Marcos Iglesias Caridad<\/p>\n<p style=\"text-align: justify;\">Alcalde de Ciudad Rodrigo<\/p>\n","protected":false},"excerpt":{"rendered":"<p>Los nuevos tiempos de la vida pol\u00edtica y administrativa demandan cercan\u00eda, transparencia y agilidad en la resoluci\u00f3n de las inquietudes ciudadanas. Como Alcalde de Ciudad Rodrigo quiero darte la bienvenida a esta web, esperando que encuentres la informaci\u00f3n que precisas. Ciudad Rodrigo es una ciudad preciosa y \u00fanica, por lo que te animo a que [&hellip;]<\/p>\n","protected":false},"author":1,"featured_media":0,"parent":0,"menu_order":0,"comment_status":"closed","ping_status":"closed","template":"","meta":{"footnotes":""},"class_list":["post-6484","page","type-page","status-publish","hentry"],"_links":{"self":[{"href":"https:\/\/www.ciudadrodrigo.es\/ayuntamiento\/wp-json\/wp\/v2\/pages\/6484","targetHints":{"allow":["GET"]}}],"collection":[{"href":"https:\/\/www.ciudadrodrigo.es\/ayuntamiento\/wp-json\/wp\/v2\/pages"}],"about":[{"href":"https:\/\/www.ciudadrodrigo.es\/ayuntamiento\/wp-json\/wp\/v2\/types\/page"}],"author":[{"embeddable":true,"href":"https:\/\/www.ciudadrodrigo.es\/ayuntamiento\/wp-json\/wp\/v2\/users\/1"}],"replies":[{"embeddable":true,"href":"https:\/\/www.ciudadrodrigo.es\/ayuntamiento\/wp-json\/wp\/v2\/comments?post=6484"}],"version-history":[{"count":5,"href":"https:\/\/www.ciudadrodrigo.es\/ayuntamiento\/wp-json\/wp\/v2\/pages\/6484\/revisions"}],"predecessor-version":[{"id":6595,"href":"https:\/\/www.ciudadrodrigo.es\/ayuntamiento\/wp-json\/wp\/v2\/pages\/6484\/revisions\/6595"}],"wp:attachment":[{"href":"https:\/\/www.ciudadrodrigo.es\/ayuntamiento\/wp-json\/wp\/v2\/media?parent=6484"}],"curies":[{"name":"wp","href":"https:\/\/api.w.org\/{rel}","templated":true}]}}