{"id":9128,"date":"2020-07-22T15:07:06","date_gmt":"2020-07-22T13:07:06","guid":{"rendered":"https:\/\/www.ciudadrodrigo.es\/ayuntamiento\/?page_id=9128"},"modified":"2020-07-24T10:35:17","modified_gmt":"2020-07-24T08:35:17","slug":"carteles-que-pasan-a-concurso","status":"publish","type":"page","link":"https:\/\/www.ciudadrodrigo.es\/ayuntamiento\/carteles-que-pasan-a-concurso\/","title":{"rendered":"XXXIX CONCURSO DE CARTELES CARNAVAL DEL TORO 2021   Ayuntamiento de Ciudad Rodrigo"},"content":{"rendered":"<p style=\"text-align: left;\"><strong>ELECCI\u00d3N DEL CARTEL GANADOR<\/strong><\/p>\n<table style=\"width: 100%; border-collapse: collapse;\">\n<tbody>\n<tr>\n<td style=\"width: 50%; text-align: center; vertical-align: top;\"><img loading=\"lazy\" decoding=\"async\" class=\"aligncenter wp-image-9183 size-full\" src=\"https:\/\/www.ciudadrodrigo.es\/ayuntamiento\/wp-content\/uploads\/2020\/07\/1_El_Encierro.jpg\" alt=\"\" width=\"350\" height=\"485\" srcset=\"https:\/\/www.ciudadrodrigo.es\/ayuntamiento\/wp-content\/uploads\/2020\/07\/1_El_Encierro.jpg 350w, https:\/\/www.ciudadrodrigo.es\/ayuntamiento\/wp-content\/uploads\/2020\/07\/1_El_Encierro-216x300.jpg 216w\" sizes=\"auto, (max-width: 350px) 100vw, 350px\" \/>1.- El ENCIERRO<\/td>\n<td style=\"width: 50%; text-align: center; vertical-align: top;\"><img loading=\"lazy\" decoding=\"async\" class=\"aligncenter wp-image-9186 size-full\" src=\"https:\/\/www.ciudadrodrigo.es\/ayuntamiento\/wp-content\/uploads\/2020\/07\/2_Calle_Madrid.jpg\" alt=\"\" width=\"350\" height=\"490\" srcset=\"https:\/\/www.ciudadrodrigo.es\/ayuntamiento\/wp-content\/uploads\/2020\/07\/2_Calle_Madrid.jpg 350w, https:\/\/www.ciudadrodrigo.es\/ayuntamiento\/wp-content\/uploads\/2020\/07\/2_Calle_Madrid-214x300.jpg 214w\" sizes=\"auto, (max-width: 350px) 100vw, 350px\" \/>2.- CALLE MADRID<\/td>\n<\/tr>\n<tr>\n<td style=\"width: 50%; text-align: center; vertical-align: top;\"><img loading=\"lazy\" decoding=\"async\" class=\"aligncenter wp-image-9187 size-full\" src=\"https:\/\/www.ciudadrodrigo.es\/ayuntamiento\/wp-content\/uploads\/2020\/07\/3_Desde_1732.jpg\" alt=\"\" width=\"350\" height=\"490\" srcset=\"https:\/\/www.ciudadrodrigo.es\/ayuntamiento\/wp-content\/uploads\/2020\/07\/3_Desde_1732.jpg 350w, https:\/\/www.ciudadrodrigo.es\/ayuntamiento\/wp-content\/uploads\/2020\/07\/3_Desde_1732-214x300.jpg 214w\" sizes=\"auto, (max-width: 350px) 100vw, 350px\" \/>3.- DESDE 1732<\/td>\n<td style=\"width: 50%; text-align: center; vertical-align: top;\"><img loading=\"lazy\" decoding=\"async\" class=\"aligncenter wp-image-9188 size-full\" src=\"https:\/\/www.ciudadrodrigo.es\/ayuntamiento\/wp-content\/uploads\/2020\/07\/4_Carnavales_De_Pasion.jpg\" alt=\"\" width=\"350\" height=\"490\" srcset=\"https:\/\/www.ciudadrodrigo.es\/ayuntamiento\/wp-content\/uploads\/2020\/07\/4_Carnavales_De_Pasion.jpg 350w, https:\/\/www.ciudadrodrigo.es\/ayuntamiento\/wp-content\/uploads\/2020\/07\/4_Carnavales_De_Pasion-214x300.jpg 214w\" sizes=\"auto, (max-width: 350px) 100vw, 350px\" \/>4.- CARNAVAL DE PASI\u00d3N<\/td>\n<\/tr>\n<tr>\n<td style=\"width: 50%; text-align: center; vertical-align: top;\"><img loading=\"lazy\" decoding=\"async\" class=\"aligncenter wp-image-9189 size-full\" src=\"https:\/\/www.ciudadrodrigo.es\/ayuntamiento\/wp-content\/uploads\/2020\/07\/5_Homenaje_Al_Campanazo.jpg\" alt=\"\" width=\"350\" height=\"490\" srcset=\"https:\/\/www.ciudadrodrigo.es\/ayuntamiento\/wp-content\/uploads\/2020\/07\/5_Homenaje_Al_Campanazo.jpg 350w, https:\/\/www.ciudadrodrigo.es\/ayuntamiento\/wp-content\/uploads\/2020\/07\/5_Homenaje_Al_Campanazo-214x300.jpg 214w\" sizes=\"auto, (max-width: 350px) 100vw, 350px\" \/>5.- HOMENAJE AL CAMPANAZO<\/td>\n<td style=\"width: 50%; text-align: center; vertical-align: top;\"><img loading=\"lazy\" decoding=\"async\" class=\"aligncenter wp-image-9190 size-full\" src=\"https:\/\/www.ciudadrodrigo.es\/ayuntamiento\/wp-content\/uploads\/2020\/07\/6_Alegria_Y_Tradicion.jpg\" alt=\"\" width=\"350\" height=\"490\" srcset=\"https:\/\/www.ciudadrodrigo.es\/ayuntamiento\/wp-content\/uploads\/2020\/07\/6_Alegria_Y_Tradicion.jpg 350w, https:\/\/www.ciudadrodrigo.es\/ayuntamiento\/wp-content\/uploads\/2020\/07\/6_Alegria_Y_Tradicion-214x300.jpg 214w\" sizes=\"auto, (max-width: 350px) 100vw, 350px\" \/>6.- ALEGR\u00cdA Y TRADICI\u00d3N<\/td>\n<\/tr>\n<tr>\n<td style=\"width: 50%; text-align: center; vertical-align: top;\"><img loading=\"lazy\" decoding=\"async\" class=\"aligncenter wp-image-9191 size-full\" src=\"https:\/\/www.ciudadrodrigo.es\/ayuntamiento\/wp-content\/uploads\/2020\/07\/7_Tradicion_Y_Nobleza.jpg\" alt=\"\" width=\"350\" height=\"490\" srcset=\"https:\/\/www.ciudadrodrigo.es\/ayuntamiento\/wp-content\/uploads\/2020\/07\/7_Tradicion_Y_Nobleza.jpg 350w, https:\/\/www.ciudadrodrigo.es\/ayuntamiento\/wp-content\/uploads\/2020\/07\/7_Tradicion_Y_Nobleza-214x300.jpg 214w\" sizes=\"auto, (max-width: 350px) 100vw, 350px\" \/>7.- TRADICI\u00d3N Y NOBLEZA<\/td>\n<td style=\"width: 50%; text-align: center; vertical-align: top;\"><img loading=\"lazy\" decoding=\"async\" class=\"aligncenter wp-image-9192 size-full\" src=\"https:\/\/www.ciudadrodrigo.es\/ayuntamiento\/wp-content\/uploads\/2020\/07\/8_Carnaval_De_Colores.jpg\" alt=\"\" width=\"350\" height=\"490\" srcset=\"https:\/\/www.ciudadrodrigo.es\/ayuntamiento\/wp-content\/uploads\/2020\/07\/8_Carnaval_De_Colores.jpg 350w, https:\/\/www.ciudadrodrigo.es\/ayuntamiento\/wp-content\/uploads\/2020\/07\/8_Carnaval_De_Colores-214x300.jpg 214w\" sizes=\"auto, (max-width: 350px) 100vw, 350px\" \/>8.- CARNAVAL DE COLORES<\/td>\n<\/tr>\n<tr>\n<td style=\"width: 50%; text-align: center; vertical-align: top;\"><img loading=\"lazy\" decoding=\"async\" class=\"aligncenter wp-image-9193 size-full\" src=\"https:\/\/www.ciudadrodrigo.es\/ayuntamiento\/wp-content\/uploads\/2020\/07\/9_Fiesta-Con_Color.jpg\" alt=\"\" width=\"350\" height=\"487\" srcset=\"https:\/\/www.ciudadrodrigo.es\/ayuntamiento\/wp-content\/uploads\/2020\/07\/9_Fiesta-Con_Color.jpg 350w, https:\/\/www.ciudadrodrigo.es\/ayuntamiento\/wp-content\/uploads\/2020\/07\/9_Fiesta-Con_Color-216x300.jpg 216w\" sizes=\"auto, (max-width: 350px) 100vw, 350px\" \/>9.- FIESTA CON COLOR<\/td>\n<td style=\"width: 50%; text-align: center; vertical-align: top;\"><img loading=\"lazy\" decoding=\"async\" class=\"aligncenter wp-image-9194 size-full\" src=\"https:\/\/www.ciudadrodrigo.es\/ayuntamiento\/wp-content\/uploads\/2020\/07\/10_Ojos_De_Perro_Azul.jpg\" alt=\"\" width=\"350\" height=\"490\" srcset=\"https:\/\/www.ciudadrodrigo.es\/ayuntamiento\/wp-content\/uploads\/2020\/07\/10_Ojos_De_Perro_Azul.jpg 350w, https:\/\/www.ciudadrodrigo.es\/ayuntamiento\/wp-content\/uploads\/2020\/07\/10_Ojos_De_Perro_Azul-214x300.jpg 214w\" sizes=\"auto, (max-width: 350px) 100vw, 350px\" \/>10.- OJOS DE PERRO AZUL<\/td>\n<\/tr>\n<tr>\n<td style=\"width: 50%; text-align: center; vertical-align: top;\"><img loading=\"lazy\" decoding=\"async\" class=\"aligncenter wp-image-9195 size-full\" src=\"https:\/\/www.ciudadrodrigo.es\/ayuntamiento\/wp-content\/uploads\/2020\/07\/11_Enmascarillado.jpg\" alt=\"\" width=\"350\" height=\"490\" srcset=\"https:\/\/www.ciudadrodrigo.es\/ayuntamiento\/wp-content\/uploads\/2020\/07\/11_Enmascarillado.jpg 350w, https:\/\/www.ciudadrodrigo.es\/ayuntamiento\/wp-content\/uploads\/2020\/07\/11_Enmascarillado-214x300.jpg 214w\" sizes=\"auto, (max-width: 350px) 100vw, 350px\" \/>11.- ENMASCARILLADO<\/td>\n<td style=\"width: 50%; text-align: center; vertical-align: top;\"><img loading=\"lazy\" decoding=\"async\" class=\"aligncenter wp-image-9196 size-full\" src=\"https:\/\/www.ciudadrodrigo.es\/ayuntamiento\/wp-content\/uploads\/2020\/07\/12_Pa_Toro_El_Mio.jpg\" alt=\"\" width=\"350\" height=\"491\" srcset=\"https:\/\/www.ciudadrodrigo.es\/ayuntamiento\/wp-content\/uploads\/2020\/07\/12_Pa_Toro_El_Mio.jpg 350w, https:\/\/www.ciudadrodrigo.es\/ayuntamiento\/wp-content\/uploads\/2020\/07\/12_Pa_Toro_El_Mio-214x300.jpg 214w\" sizes=\"auto, (max-width: 350px) 100vw, 350px\" \/>12.- PA TORO EL M\u00cdO<\/td>\n<\/tr>\n<tr>\n<td style=\"width: 50%; text-align: center; vertical-align: top;\"><img loading=\"lazy\" decoding=\"async\" class=\"aligncenter wp-image-9197 size-full\" src=\"https:\/\/www.ciudadrodrigo.es\/ayuntamiento\/wp-content\/uploads\/2020\/07\/13_Mi_Tierra_Mi_Tradicion.jpg\" alt=\"\" width=\"350\" height=\"490\" srcset=\"https:\/\/www.ciudadrodrigo.es\/ayuntamiento\/wp-content\/uploads\/2020\/07\/13_Mi_Tierra_Mi_Tradicion.jpg 350w, https:\/\/www.ciudadrodrigo.es\/ayuntamiento\/wp-content\/uploads\/2020\/07\/13_Mi_Tierra_Mi_Tradicion-214x300.jpg 214w\" sizes=\"auto, (max-width: 350px) 100vw, 350px\" \/>13.- MI TIERRA, MI TRADICI\u00d3N<\/td>\n<td style=\"width: 50%; text-align: center; vertical-align: top;\"><img loading=\"lazy\" decoding=\"async\" class=\"aligncenter wp-image-9198 size-full\" src=\"https:\/\/www.ciudadrodrigo.es\/ayuntamiento\/wp-content\/uploads\/2020\/07\/14_Cogelo_Por_La_C_Y_La_D.jpg\" alt=\"\" width=\"350\" height=\"490\" srcset=\"https:\/\/www.ciudadrodrigo.es\/ayuntamiento\/wp-content\/uploads\/2020\/07\/14_Cogelo_Por_La_C_Y_La_D.jpg 350w, https:\/\/www.ciudadrodrigo.es\/ayuntamiento\/wp-content\/uploads\/2020\/07\/14_Cogelo_Por_La_C_Y_La_D-214x300.jpg 214w\" sizes=\"auto, (max-width: 350px) 100vw, 350px\" \/>14.- C\u00d3GELO POR LA C Y LA D<\/td>\n<\/tr>\n<tr>\n<td style=\"width: 50%; text-align: center; vertical-align: top;\"><img loading=\"lazy\" decoding=\"async\" class=\"aligncenter wp-image-9199 size-full\" src=\"https:\/\/www.ciudadrodrigo.es\/ayuntamiento\/wp-content\/uploads\/2020\/07\/15_Toro_Colorao_Cenizo.jpg\" alt=\"\" width=\"350\" height=\"495\" srcset=\"https:\/\/www.ciudadrodrigo.es\/ayuntamiento\/wp-content\/uploads\/2020\/07\/15_Toro_Colorao_Cenizo.jpg 350w, https:\/\/www.ciudadrodrigo.es\/ayuntamiento\/wp-content\/uploads\/2020\/07\/15_Toro_Colorao_Cenizo-212x300.jpg 212w\" sizes=\"auto, (max-width: 350px) 100vw, 350px\" \/>15.- TORO COLORADO CENIZO<\/td>\n<td style=\"width: 50%; text-align: center; vertical-align: top;\"><img loading=\"lazy\" decoding=\"async\" class=\"aligncenter wp-image-9200 size-full\" src=\"https:\/\/www.ciudadrodrigo.es\/ayuntamiento\/wp-content\/uploads\/2020\/07\/16_Un_Color_Un_Rey_Un_Sentimiento.jpg\" alt=\"\" width=\"350\" height=\"490\" srcset=\"https:\/\/www.ciudadrodrigo.es\/ayuntamiento\/wp-content\/uploads\/2020\/07\/16_Un_Color_Un_Rey_Un_Sentimiento.jpg 350w, https:\/\/www.ciudadrodrigo.es\/ayuntamiento\/wp-content\/uploads\/2020\/07\/16_Un_Color_Un_Rey_Un_Sentimiento-214x300.jpg 214w\" sizes=\"auto, (max-width: 350px) 100vw, 350px\" \/>16.- UN COLOR, UN REY, UN SENTIMIENTO<\/td>\n<\/tr>\n<tr>\n<td style=\"width: 50%; text-align: center; vertical-align: top;\"><img loading=\"lazy\" decoding=\"async\" class=\"aligncenter wp-image-9201 size-full\" src=\"https:\/\/www.ciudadrodrigo.es\/ayuntamiento\/wp-content\/uploads\/2020\/07\/17_Globos_Naranjas.jpg\" alt=\"\" width=\"350\" height=\"490\" srcset=\"https:\/\/www.ciudadrodrigo.es\/ayuntamiento\/wp-content\/uploads\/2020\/07\/17_Globos_Naranjas.jpg 350w, https:\/\/www.ciudadrodrigo.es\/ayuntamiento\/wp-content\/uploads\/2020\/07\/17_Globos_Naranjas-214x300.jpg 214w\" sizes=\"auto, (max-width: 350px) 100vw, 350px\" \/>17.- GLOBOS NARANJAS<\/td>\n<td style=\"width: 50%; text-align: center; vertical-align: top;\"><img loading=\"lazy\" decoding=\"async\" class=\"aligncenter wp-image-9202 size-full\" src=\"https:\/\/www.ciudadrodrigo.es\/ayuntamiento\/wp-content\/uploads\/2020\/07\/19_Campanazo.jpg\" alt=\"\" width=\"350\" height=\"490\" srcset=\"https:\/\/www.ciudadrodrigo.es\/ayuntamiento\/wp-content\/uploads\/2020\/07\/19_Campanazo.jpg 350w, https:\/\/www.ciudadrodrigo.es\/ayuntamiento\/wp-content\/uploads\/2020\/07\/19_Campanazo-214x300.jpg 214w\" sizes=\"auto, (max-width: 350px) 100vw, 350px\" \/>19.- CAMPANAZO<\/td>\n<\/tr>\n<tr>\n<td style=\"width: 50%; text-align: center; vertical-align: top;\"><img loading=\"lazy\" decoding=\"async\" class=\"aligncenter wp-image-9203 size-full\" src=\"https:\/\/www.ciudadrodrigo.es\/ayuntamiento\/wp-content\/uploads\/2020\/07\/20_Tras_La_Barrera.jpg\" alt=\"\" width=\"350\" height=\"489\" srcset=\"https:\/\/www.ciudadrodrigo.es\/ayuntamiento\/wp-content\/uploads\/2020\/07\/20_Tras_La_Barrera.jpg 350w, https:\/\/www.ciudadrodrigo.es\/ayuntamiento\/wp-content\/uploads\/2020\/07\/20_Tras_La_Barrera-215x300.jpg 215w\" sizes=\"auto, (max-width: 350px) 100vw, 350px\" \/>20.- TRAS LA BARRERA<\/td>\n<td style=\"width: 50%; text-align: center; vertical-align: top;\"><img loading=\"lazy\" decoding=\"async\" class=\"aligncenter wp-image-9204 size-full\" src=\"https:\/\/www.ciudadrodrigo.es\/ayuntamiento\/wp-content\/uploads\/2020\/07\/21_El_Coso.jpg\" alt=\"\" width=\"350\" height=\"489\" srcset=\"https:\/\/www.ciudadrodrigo.es\/ayuntamiento\/wp-content\/uploads\/2020\/07\/21_El_Coso.jpg 350w, https:\/\/www.ciudadrodrigo.es\/ayuntamiento\/wp-content\/uploads\/2020\/07\/21_El_Coso-215x300.jpg 215w\" sizes=\"auto, (max-width: 350px) 100vw, 350px\" \/>21.- EL COSO<\/td>\n<\/tr>\n<tr>\n<td style=\"width: 50%; text-align: center; vertical-align: top;\"><img loading=\"lazy\" decoding=\"async\" class=\"aligncenter wp-image-9205 size-full\" src=\"https:\/\/www.ciudadrodrigo.es\/ayuntamiento\/wp-content\/uploads\/2020\/07\/22_Capas_del_Carnaval.jpg\" alt=\"\" width=\"350\" height=\"490\" srcset=\"https:\/\/www.ciudadrodrigo.es\/ayuntamiento\/wp-content\/uploads\/2020\/07\/22_Capas_del_Carnaval.jpg 350w, https:\/\/www.ciudadrodrigo.es\/ayuntamiento\/wp-content\/uploads\/2020\/07\/22_Capas_del_Carnaval-214x300.jpg 214w\" sizes=\"auto, (max-width: 350px) 100vw, 350px\" \/>22.- CAPAS DEL CARNAVAL<\/td>\n<td style=\"width: 50%; text-align: center; vertical-align: top;\"><\/td>\n<\/tr>\n<\/tbody>\n<\/table>\n<p>&nbsp;<\/p>\n<table style=\"height: 72px; width: 100%; border-collapse: collapse;\">\n<tbody>\n<tr style=\"height: 24px;\">\n<td style=\"width: 100%; height: 24px;\">\u00a0<strong>Carteles presentados en el concurso: 22<\/strong><\/td>\n<\/tr>\n<tr style=\"height: 24px;\">\n<td style=\"width: 100%; height: 24px;\">\u00a0<strong>Carteles que cumplen las Bases y pasan a concurso: 21<\/strong><\/td>\n<\/tr>\n<tr style=\"height: 24px;\">\n<td style=\"width: 100%; height: 24px;\">\u00a0<strong>Cartel que se ha retirado del concurso: N\u00ba 18<\/strong><\/td>\n<\/tr>\n<\/tbody>\n<\/table>\n<p>&nbsp;<\/p>\n<h3>Calendario de fechas:<\/h3>\n<p style=\"text-align: justify;\">&#8211; <span style=\"text-decoration: underline;\">D\u00eda 21 de julio<\/span>, finalizaci\u00f3n de plazo de presentaci\u00f3n de trabajos<\/p>\n<p style=\"text-align: justify;\">&#8211; <span style=\"text-decoration: underline;\">D\u00eda 24 de julio<\/span>, exposici\u00f3n de los trabajos f\u00edsicos en la galer\u00eda alta de la Casa Consistorial y publicaci\u00f3n de los mismos en la web del ayuntamiento de Ciudad Rodrigo<\/p>\n<p style=\"text-align: justify;\">&#8211; <span style=\"text-decoration: underline;\">Del 27 al 30 de julio<\/span>, hasta la 14 h. VOTACI\u00d3N ONLINE por parte del ciudadano, el acceso estar\u00e1 disponible en la web. Deber\u00e1 disponer de certificado electr\u00f3nico.<\/p>\n<p style=\"text-align: justify;\">&#8211; El <span style=\"text-decoration: underline;\">d\u00eda 3 de agosto<\/span>, de 11:00 a 14:00 h. VOTACI\u00d3N PRESENCIAL para el ciudadano que no haya podido realizarlo online. Provisto del DNI, sin justificante de empadronamiento.<\/p>\n<p>&nbsp;<\/p>\n<h4 style=\"text-align: right;\"><a href=\"https:\/\/www.ciudadrodrigo.es\/ayuntamiento\/carnaval-del-toro-2021\/\">[volver]<\/a><\/h4>\n","protected":false},"excerpt":{"rendered":"<p>ELECCI\u00d3N DEL CARTEL GANADOR 1.- El ENCIERRO 2.- CALLE MADRID 3.- DESDE 1732 4.- CARNAVAL DE PASI\u00d3N 5.- HOMENAJE AL CAMPANAZO 6.- ALEGR\u00cdA Y TRADICI\u00d3N 7.- TRADICI\u00d3N Y NOBLEZA 8.- CARNAVAL DE COLORES 9.- FIESTA CON COLOR 10.- OJOS DE PERRO AZUL 11.- ENMASCARILLADO 12.- PA TORO EL M\u00cdO 13.- MI TIERRA, MI TRADICI\u00d3N 14.- [&hellip;]<\/p>\n","protected":false},"author":1,"featured_media":0,"parent":0,"menu_order":0,"comment_status":"closed","ping_status":"closed","template":"","meta":{"footnotes":""},"class_list":["post-9128","page","type-page","status-publish","hentry"],"_links":{"self":[{"href":"https:\/\/www.ciudadrodrigo.es\/ayuntamiento\/wp-json\/wp\/v2\/pages\/9128","targetHints":{"allow":["GET"]}}],"collection":[{"href":"https:\/\/www.ciudadrodrigo.es\/ayuntamiento\/wp-json\/wp\/v2\/pages"}],"about":[{"href":"https:\/\/www.ciudadrodrigo.es\/ayuntamiento\/wp-json\/wp\/v2\/types\/page"}],"author":[{"embeddable":true,"href":"https:\/\/www.ciudadrodrigo.es\/ayuntamiento\/wp-json\/wp\/v2\/users\/1"}],"replies":[{"embeddable":true,"href":"https:\/\/www.ciudadrodrigo.es\/ayuntamiento\/wp-json\/wp\/v2\/comments?post=9128"}],"version-history":[{"count":22,"href":"https:\/\/www.ciudadrodrigo.es\/ayuntamiento\/wp-json\/wp\/v2\/pages\/9128\/revisions"}],"predecessor-version":[{"id":9216,"href":"https:\/\/www.ciudadrodrigo.es\/ayuntamiento\/wp-json\/wp\/v2\/pages\/9128\/revisions\/9216"}],"wp:attachment":[{"href":"https:\/\/www.ciudadrodrigo.es\/ayuntamiento\/wp-json\/wp\/v2\/media?parent=9128"}],"curies":[{"name":"wp","href":"https:\/\/api.w.org\/{rel}","templated":true}]}}